{"id":41407,"date":"2020-02-18T11:25:48","date_gmt":"2020-02-18T10:25:48","guid":{"rendered":"https:\/\/www.amalfi-wanderweg.de\/?page_id=41407"},"modified":"2020-03-09T11:23:33","modified_gmt":"2020-03-09T10:23:33","slug":"gerenciar-notificacoes-de-comentarios","status":"publish","type":"page","link":"https:\/\/www.amalfi-wanderweg.de\/pt\/benachrichtigungen-zu-kommentaren-verwalten\/","title":{"rendered":"Gerenciar notifica\u00e7\u00f5es de coment\u00e1rios"},"content":{"rendered":"","protected":false},"excerpt":{"rendered":"","protected":false},"author":1,"featured_media":0,"parent":0,"menu_order":0,"comment_status":"closed","ping_status":"closed","template":"subscribe.php","meta":{"footnotes":""},"class_list":["post-41407","page","type-page","status-publish","hentry","post"],"_links":{"self":[{"href":"https:\/\/www.amalfi-wanderweg.de\/pt\/wp-json\/wp\/v2\/pages\/41407","targetHints":{"allow":["GET"]}}],"collection":[{"href":"https:\/\/www.amalfi-wanderweg.de\/pt\/wp-json\/wp\/v2\/pages"}],"about":[{"href":"https:\/\/www.amalfi-wanderweg.de\/pt\/wp-json\/wp\/v2\/types\/page"}],"author":[{"embeddable":true,"href":"https:\/\/www.amalfi-wanderweg.de\/pt\/wp-json\/wp\/v2\/users\/1"}],"replies":[{"embeddable":true,"href":"https:\/\/www.amalfi-wanderweg.de\/pt\/wp-json\/wp\/v2\/comments?post=41407"}],"version-history":[{"count":1,"href":"https:\/\/www.amalfi-wanderweg.de\/pt\/wp-json\/wp\/v2\/pages\/41407\/revisions"}],"predecessor-version":[{"id":41408,"href":"https:\/\/www.amalfi-wanderweg.de\/pt\/wp-json\/wp\/v2\/pages\/41407\/revisions\/41408"}],"wp:attachment":[{"href":"https:\/\/www.amalfi-wanderweg.de\/pt\/wp-json\/wp\/v2\/media?parent=41407"}],"curies":[{"name":"wp","href":"https:\/\/api.w.org\/{rel}","templated":true}]}}