{"id":310,"date":"2016-06-28T07:58:07","date_gmt":"2016-06-28T05:58:07","guid":{"rendered":"https:\/\/www.amalfi-wanderweg.de\/?page_id=310"},"modified":"2025-04-28T13:44:29","modified_gmt":"2025-04-28T11:44:29","slug":"privacidade","status":"publish","type":"page","link":"https:\/\/www.amalfi-wanderweg.de\/pt\/datenschutz\/","title":{"rendered":"Prote\u00e7\u00e3o de dados"},"content":{"rendered":"<div id=\"pl-310\"  class=\"panel-layout\" ><div id=\"pg-310-0\"  class=\"panel-grid panel-no-style\" ><div id=\"pgc-310-0-0\"  class=\"panel-grid-cell\" ><div id=\"panel-310-0-0-0\" class=\"so-panel widget widget_sow-editor panel-first-child\" data-index=\"0\" ><div\n\t\t\t\n\t\t\tclass=\"so-widget-sow-editor so-widget-sow-editor-base\"\n\t\t\t\n\t\t>\n<div class=\"siteorigin-widget-tinymce textwidget\">\n\t<p>Ao usar nosso site, os dados pessoais de acordo com o significado da Lei Federal de Prote\u00e7\u00e3o de Dados Alem\u00e3 e do Regulamento Geral Europeu de Prote\u00e7\u00e3o de Dados (EU-GDPR) s\u00e3o coletados e armazenados de v\u00e1rias maneiras. Isso \u00e9 feito de maneiras diferentes, dependendo da \u00e1rea de uso:<\/p>\n<p><strong>Transfer\u00eancias<\/strong><\/p>\n<p>Oferecemos downloads de arquivos em nosso site. &quot;Cookies&quot; (pequenos arquivos de texto que s\u00e3o armazenados em seu computador pelo navegador) s\u00e3o usados para armazenar em cache o conte\u00fado do carrinho de compras. No processo de encomenda posterior, recolhemos o seu endere\u00e7o de e-mail para lhe enviar os links de download desejados uma vez por e-mail. A indica\u00e7\u00e3o de sobrenome e nome \u00e9 opcional. O programa &quot;Easy Digital Downloads&quot; ou plugin WordPress que usamos para downloads de arquivos armazena as seguintes informa\u00e7\u00f5es em nosso banco de dados: endere\u00e7o de e-mail, sobrenome e nome (se especificado por voc\u00ea), os arquivos de download selecionados (carrinho de compras) e hist\u00f3rico de download (um registro de quando e quantas vezes voc\u00ea baixou quais arquivos). Este armazenamento de dados \u00e9 usado para o processamento automatizado de suas solicita\u00e7\u00f5es de download de arquivos e para avalia\u00e7\u00f5es estat\u00edsticas. A seu pedido, eliminaremos os seus dados pessoais da nossa base de dados.<\/p>\n<p><strong>Coment\u00e1rios<\/strong><\/p>\n<p>Se voc\u00ea deixar uma contribui\u00e7\u00e3o ou coment\u00e1rio neste site, seu nome, seu endere\u00e7o de e-mail e - se voc\u00ea inseriu isso no formul\u00e1rio - possivelmente tamb\u00e9m seu site ser\u00e1 armazenado conosco. Seu endere\u00e7o de e-mail n\u00e3o \u00e9 vis\u00edvel publicamente, mas pode ser usado por n\u00f3s para perguntas ou respostas relacionadas ao seu coment\u00e1rio. Se desejar que um coment\u00e1rio inserido seja exclu\u00eddo, informe-nos por e-mail.<\/p>\n<p><strong>Assinar notifica\u00e7\u00f5es sobre coment\u00e1rios<\/strong><\/p>\n<p>Independentemente da op\u00e7\u00e3o de voc\u00ea mesmo deixar coment\u00e1rios no site, tamb\u00e9m existe a op\u00e7\u00e3o de ser notificado por n\u00f3s sobre novos coment\u00e1rios em uma postagem por e-mail. Neste caso, guardamos o seu endere\u00e7o de e-mail e a contribui\u00e7\u00e3o ou contribui\u00e7\u00f5es que gostaria de subscrever nos coment\u00e1rios. Por motivos de seguran\u00e7a, voc\u00ea deve confirmar seu consentimento usando o chamado procedimento de aceita\u00e7\u00e3o dupla. Voc\u00ea pode excluir suas assinaturas de notifica\u00e7\u00e3o a qualquer momento; os links de cancelamento de assinatura correspondentes est\u00e3o inclu\u00eddos em todos os e-mails de notifica\u00e7\u00e3o.<\/p>\n<p><strong>Formul\u00e1rio de contato \/ e-mails<\/strong><\/p>\n<p>Se nos contactar por e-mail ou pelo formul\u00e1rio de contacto com quest\u00f5es de qualquer tipo, d\u00ea-nos o seu consentimento volunt\u00e1rio para efeitos de estabelecimento de contacto. Isso requer a especifica\u00e7\u00e3o de um endere\u00e7o de e-mail v\u00e1lido. Isso \u00e9 usado para alocar a solicita\u00e7\u00e3o e, em seguida, respond\u00ea-la. O fornecimento de mais dados \u00e9 opcional. As informa\u00e7\u00f5es que voc\u00ea fornecer ser\u00e3o armazenadas para fins de processamento da solicita\u00e7\u00e3o e para poss\u00edveis perguntas de acompanhamento.<\/p>\n<p><strong>Uso do Google Maps<\/strong><\/p>\n<p>Este site usa a API do Google Maps para exibir informa\u00e7\u00f5es geogr\u00e1ficas visualmente. Ao usar o Google Maps, o Google tamb\u00e9m coleta, processa e usa dados sobre o uso das fun\u00e7\u00f5es do mapa pelos visitantes. Voc\u00ea pode encontrar mais informa\u00e7\u00f5es sobre o processamento de dados pelo Google <a href=\"http:\/\/www.google.com\/privacypolicy.html\" target=\"_blank\" rel=\"noopener\">a pol\u00edtica de privacidade do Google<\/a> remover. L\u00e1 voc\u00ea tamb\u00e9m pode alterar suas configura\u00e7\u00f5es de prote\u00e7\u00e3o de dados pessoais no centro de prote\u00e7\u00e3o de dados.<\/p>\n<p>Instru\u00e7\u00f5es detalhadas sobre como gerenciar seus pr\u00f3prios dados em rela\u00e7\u00e3o aos produtos do Google<a href=\"http:\/\/www.dataliberation.org\/\" target=\"_blank\" rel=\"noopener\"> voc\u00ea vai encontrar aqui<\/a>.<\/p>\n<p><strong>Localiza\u00e7\u00e3o \/ geolocaliza\u00e7\u00e3o<\/strong><\/p>\n<p>Com os mapas baseados em OpenStreetMap integrados em nosso site, oferecemos opcionalmente a op\u00e7\u00e3o de exibir sua pr\u00f3pria localiza\u00e7\u00e3o no mapa. Esta \u00e9 uma funcionalidade do chamado padr\u00e3o HTML 5. Antes que seus dados de localiza\u00e7\u00e3o sejam solicitados, seu navegador solicitar\u00e1 seu consentimento expl\u00edcito. N\u00e3o avaliamos a sua localiza\u00e7\u00e3o transmitida desta forma. A determina\u00e7\u00e3o da localiza\u00e7\u00e3o serve apenas para mostrar a se\u00e7\u00e3o do mapa em torno de sua posi\u00e7\u00e3o atual.<\/p>\n<\/div>\n<\/div><\/div><div id=\"panel-310-0-0-1\" class=\"so-panel widget widget_sow-editor\" data-index=\"1\" ><div\n\t\t\t\n\t\t\tclass=\"so-widget-sow-editor so-widget-sow-editor-base\"\n\t\t\t\n\t\t>\n<div class=\"siteorigin-widget-tinymce textwidget\">\n\t<p><strong>Participa\u00e7\u00e3o em programas de parceiros afiliados<\/strong><\/p>\n<p><span class=\"ts-muster-content\">Dentro de nossa oferta online, usamos medidas de rastreamento que s\u00e3o usuais no setor com base em nossos interesses leg\u00edtimos (ou seja, interesse na an\u00e1lise, otimiza\u00e7\u00e3o e opera\u00e7\u00e3o econ\u00f4mica de nossa oferta online) de acordo com o Artigo 6 Par\u00e1grafo 1 lit. A seguir, explicamos os fundamentos t\u00e9cnicos aos usu\u00e1rios.<\/span><\/p>\n<p>Os servi\u00e7os oferecidos por nossos parceiros contratuais tamb\u00e9m podem ser anunciados e vinculados em outros sites (os chamados links de afiliados ou sistemas p\u00f3s-compra, se, por exemplo, links ou servi\u00e7os de terceiros forem oferecidos ap\u00f3s a conclus\u00e3o de um contrato). Os operadores dos respectivos sites recebem uma comiss\u00e3o se os usu\u00e1rios seguirem os links afiliados e aproveitarem as ofertas.<\/p>\n<p>Em resumo, \u00e9 necess\u00e1rio para nossa oferta online que possamos rastrear se os usu\u00e1rios que est\u00e3o interessados em links de afiliados e\/ou ofertas dispon\u00edveis de n\u00f3s percebem posteriormente as ofertas por instiga\u00e7\u00e3o dos links de afiliados ou de nossa plataforma online. Para isso, os links de afiliados e nossas ofertas s\u00e3o complementados com determinados valores que podem ser definidos como parte do link ou de outra forma, por exemplo, em um cookie. Os valores incluem, em particular, o site de origem (referrer), tempo, um ID online do operador do site no qual o link de afiliado foi localizado, um ID online da respectiva oferta, um ID online do usu\u00e1rio, bem como como rastrear valores espec\u00edficos, como ID de m\u00eddia de an\u00fancio, ID de parceiro e categoriza\u00e7\u00f5es.<\/p>\n<p>Os IDs de usu\u00e1rio online que usamos s\u00e3o valores pseud\u00f4nimos. Isso significa que os pr\u00f3prios IDs online n\u00e3o cont\u00eam nenhum dado pessoal, como nomes ou endere\u00e7os de e-mail. Eles apenas nos ajudam a determinar se o mesmo usu\u00e1rio que clicou em um link de afiliado ou estava interessado em uma oferta por meio de nossa oferta online aproveitou a oferta, ou seja, concluiu um contrato com o provedor, por exemplo. No entanto, o identificador online \u00e9 pessoal na medida em que a empresa parceira e tamb\u00e9m n\u00f3s temos o identificador online junto com outros dados do usu\u00e1rio. S\u00f3 assim a empresa parceira nos pode dizer se o utilizador aproveitou a oferta e se podemos, por exemplo, receber o b\u00f3nus.<\/p>\n<p><strong>Programa de afiliados da Booking.com<\/strong><\/p>\n<p><span class=\"ts-muster-content\">Com base em nossos interesses leg\u00edtimos (ou seja, interesse na opera\u00e7\u00e3o econ\u00f4mica de nossa oferta online na acep\u00e7\u00e3o do Art. 6 Par\u00e1grafo 1 lit. f. GDPR), somos participantes do programa de parceiros Booking.com, que foi concebido para fornecer um meio para sites por meio do qual o reembolso de publicidade pode ser obtido colocando an\u00fancios e links para Booking.com (o chamado sistema de afiliados). Booking.com usa cookies para rastrear a origem das reservas. Entre outras coisas, Booking.com pode reconhecer que voc\u00ea clicou no link do parceiro neste site e fez uma reserva com Booking.com.<\/span><\/p>\n<p>Para obter mais informa\u00e7\u00f5es sobre como Booking.com usa dados e como voc\u00ea pode contestar, consulte a pol\u00edtica de privacidade da empresa: <a href=\"https:\/\/www.booking.com\/content\/privacy.de.html\" target=\"_blank\" rel=\"noopener\">https:\/\/www.booking.com\/content\/privacy.de.html<\/a>.<\/p>\n<p><strong>Programa de afiliados da Amazon<\/strong><\/p>\n<p><span class=\"ts-muster-content\">Com base em nossos interesses leg\u00edtimos (ou seja, interesse na opera\u00e7\u00e3o econ\u00f4mica de nossa oferta on-line na acep\u00e7\u00e3o do art. 6, par\u00e1grafo 1, lit. f. GDPR), somos participantes do programa de parceiros da Amazon EU, que foi projetado para fornecer um meio para sites por meio do qual a coloca\u00e7\u00e3o de an\u00fancios e links para o reembolso de publicidade da Amazon.de pode ser obtido (o chamado sistema de afiliados). Isso significa que, como parceiro da Amazon, ganhamos com compras qualificadas.<\/span><\/p>\n<p>A Amazon usa cookies para poder rastrear a origem dos pedidos. Entre outras coisas, a Amazon pode reconhecer que voc\u00ea clicou no link do parceiro neste site e comprou um produto da Amazon.<\/p>\n<p>Mais informa\u00e7\u00f5es sobre o uso de dados pela Amazon e a possibilidade de obje\u00e7\u00e3o podem ser encontradas na declara\u00e7\u00e3o de prote\u00e7\u00e3o de dados da empresa: <a href=\"https:\/\/www.amazon.de\/gp\/help\/customer\/display.html?nodeId=201909010\" target=\"_blank\" rel=\"noopener\">https:\/\/www.amazon.de\/gp\/help\/customer\/display.html?nodeId=201909010<\/a>.<\/p>\n<p>Observa\u00e7\u00e3o: Amazon e o logotipo da Amazon s\u00e3o marcas comerciais da Amazon.com, Inc. ou de uma de suas afiliadas.<\/p>\n<\/div>\n<\/div><\/div><div id=\"panel-310-0-0-2\" class=\"so-panel widget widget_sow-editor\" data-index=\"2\" ><div\n\t\t\t\n\t\t\tclass=\"so-widget-sow-editor so-widget-sow-editor-base\"\n\t\t\t\n\t\t>\n<div class=\"siteorigin-widget-tinymce textwidget\">\n\t<p><strong>biscoitos<\/strong><\/p>\n<p>Este site usa cookies. Estes s\u00e3o pequenos arquivos de texto que s\u00e3o armazenados em seu dispositivo final. Seu navegador acessa esses arquivos. O uso de cookies aumenta a facilidade de uso e a seguran\u00e7a deste site. Tamb\u00e9m usamos cookies em conex\u00e3o com o Google Analytics. Navegadores comuns oferecem a op\u00e7\u00e3o de configura\u00e7\u00e3o para n\u00e3o permitir cookies. Observa\u00e7\u00e3o: N\u00e3o h\u00e1 garantia de que voc\u00ea conseguir\u00e1 acessar todas as fun\u00e7\u00f5es deste site sem restri\u00e7\u00f5es se fizer as configura\u00e7\u00f5es apropriadas.<\/p>\n<p><strong>Arquivos de log do servidor \/ dados de acesso<\/strong><\/p>\n<p>N\u00f3s ou nosso provedor de site coletamos dados sobre o acesso ao site e os salvamos como &quot;arquivos de log do servidor&quot;. Os seguintes dados s\u00e3o registrados dessa maneira:<br \/>\n- Site visitado<br \/>\n- Hor\u00e1rio no momento do acesso<br \/>\n- Quantidade de dados enviados em bytes<br \/>\n- Fonte\/refer\u00eancia de onde voc\u00ea veio para a p\u00e1gina<br \/>\n- Navegador usado<br \/>\n- Sistema operacional utilizado<br \/>\n- Endere\u00e7o IP usado de forma an\u00f4nima<br \/>\nOs dados recolhidos s\u00e3o utilizados apenas para avalia\u00e7\u00f5es estat\u00edsticas e para melhorar o site e s\u00e3o eliminados automaticamente ap\u00f3s 7 dias.<\/p>\n<p><strong>Altera\u00e7\u00e3o \u00e0 nossa pol\u00edtica de privacidade<\/strong><\/p>\n<p>Reservamo-nos o direito de adaptar esta declara\u00e7\u00e3o de prote\u00e7\u00e3o de dados para que corresponda sempre aos requisitos legais atuais ou de implementar altera\u00e7\u00f5es aos nossos servi\u00e7os na declara\u00e7\u00e3o de prote\u00e7\u00e3o de dados, por exemplo, ao introduzir novos servi\u00e7os. A nova declara\u00e7\u00e3o de prote\u00e7\u00e3o de dados ser\u00e1 aplicada \u00e0 sua pr\u00f3xima visita.<\/p>\n<p><strong>Direitos do usu\u00e1rio: informa\u00e7\u00e3o, corre\u00e7\u00e3o e exclus\u00e3o<\/strong><\/p>\n<p>Mediante solicita\u00e7\u00e3o, voc\u00ea, como usu\u00e1rio, receber\u00e1 informa\u00e7\u00f5es gratuitas sobre quais dados pessoais foram armazenados sobre voc\u00ea. Se o seu pedido n\u00e3o estiver em conflito com uma obriga\u00e7\u00e3o legal de armazenamento de dados (por exemplo, reten\u00e7\u00e3o de dados), voc\u00ea tem o direito de corrigir os dados incorretos e bloquear ou excluir seus dados pessoais.<\/p>\n<\/div>\n<\/div><\/div><div id=\"panel-310-0-0-3\" class=\"so-panel widget widget_sow-editor panel-last-child\" data-index=\"3\" ><div\n\t\t\t\n\t\t\tclass=\"so-widget-sow-editor so-widget-sow-editor-base\"\n\t\t\t\n\t\t>\n<div class=\"siteorigin-widget-tinymce textwidget\">\n\t<p><a class=\"dsg1-6\" href=\"https:\/\/datenschutz-generator.de\" target=\"_blank\" rel=\"nofollow noopener\">Criado com Datenschutz-Generator.de por RA Dr. Thomas Schwenke<\/a> e personalizado pelo propriet\u00e1rio do site.<\/p>\n<p><strong>Outras fontes utilizadas:<\/strong><\/p>\n<p><a href=\"http:\/\/www.datenschutzbeauftragter-info.de\" target=\"_blank\" rel=\"noopener\">www.datenschutzbeauftragter-info.de<\/a><a href=\"http:\/\/datenschutz.org\" target=\"_blank\" rel=\"noopener\">,\u00a0<\/a><a href=\"http:\/\/datenschutz.org\" target=\"_blank\" rel=\"noopener\">datenschutz.org<\/a><a href=\"http:\/\/datenschutz.org\" target=\"_blank\" rel=\"noopener\">, <\/a><a href=\"https:\/\/www.activemind.de\/datenschutz\/datenschutzhinweis-generator\/\" target=\"_blank\" rel=\"noopener\"><em>Gerador de declara\u00e7\u00e3o de prote\u00e7\u00e3o de dados da activeMind AG<\/em><\/a><\/p>\n<\/div>\n<\/div><\/div><\/div><\/div><\/div>","protected":false},"excerpt":{"rendered":"<p>Bei der Nutzung unserer Website werden auf verschiedene Weise personenbezogene Daten im Sinne des deutschen Bundesdatenschutzgesetzes bzw. der europ\u00e4ischen Datenschutzgrundverordnung (EU-DSGVO) erhoben und gespeichert. Dies geschieht je nach Nutzungsbereich auf unterschiedliche Weise: Downloads Auf unserer Website bieten wir Datei-Downloads an. Um den Warenkorb-Inhalt zwischenzuspeichern, werden &#8222;Cookies&#8220; verwendet (kleine Textdateien, die durch den Browser auf Ihrem [&hellip;]<\/p>\n","protected":false},"author":1,"featured_media":0,"parent":0,"menu_order":0,"comment_status":"closed","ping_status":"closed","template":"","meta":{"footnotes":""},"class_list":["post-310","page","type-page","status-publish","hentry","post"],"_links":{"self":[{"href":"https:\/\/www.amalfi-wanderweg.de\/pt\/wp-json\/wp\/v2\/pages\/310","targetHints":{"allow":["GET"]}}],"collection":[{"href":"https:\/\/www.amalfi-wanderweg.de\/pt\/wp-json\/wp\/v2\/pages"}],"about":[{"href":"https:\/\/www.amalfi-wanderweg.de\/pt\/wp-json\/wp\/v2\/types\/page"}],"author":[{"embeddable":true,"href":"https:\/\/www.amalfi-wanderweg.de\/pt\/wp-json\/wp\/v2\/users\/1"}],"replies":[{"embeddable":true,"href":"https:\/\/www.amalfi-wanderweg.de\/pt\/wp-json\/wp\/v2\/comments?post=310"}],"version-history":[{"count":11,"href":"https:\/\/www.amalfi-wanderweg.de\/pt\/wp-json\/wp\/v2\/pages\/310\/revisions"}],"predecessor-version":[{"id":63956,"href":"https:\/\/www.amalfi-wanderweg.de\/pt\/wp-json\/wp\/v2\/pages\/310\/revisions\/63956"}],"wp:attachment":[{"href":"https:\/\/www.amalfi-wanderweg.de\/pt\/wp-json\/wp\/v2\/media?parent=310"}],"curies":[{"name":"wp","href":"https:\/\/api.w.org\/{rel}","templated":true}]}}