{"id":10,"date":"2016-06-06T13:05:20","date_gmt":"2016-06-06T13:05:20","guid":{"rendered":"http:\/\/amalfi-wanderweg.de\/?page_id=10"},"modified":"2023-09-10T10:06:05","modified_gmt":"2023-09-10T08:06:05","slug":"pagina-inicial","status":"publish","type":"page","link":"https:\/\/www.amalfi-wanderweg.de\/pt\/","title":{"rendered":"Pagina inicial"},"content":{"rendered":"<div id=\"pl-10\"  class=\"panel-layout\" ><div id=\"pg-10-0\"  class=\"panel-grid panel-no-style\" ><div id=\"pgc-10-0-0\"  class=\"panel-grid-cell\" ><div id=\"panel-10-0-0-0\" class=\"so-panel widget widget_text panel-first-child panel-last-child\" data-index=\"0\" ><h3 class=\"widget-title\">De Salerno a Sorrento: toda a Costa Amalfitana a p\u00e9!<\/h3>\t\t\t<div class=\"textwidget\"><p>A Costa Amalfitana \u00e9 uma das paisagens costeiras mais espetaculares do mundo e \u00e9 um verdadeiro para\u00edso para os caminhantes! \u00c9 ainda mais surpreendente que atualmente o turismo de caminhadas esteja quase exclusivamente limitado a um trecho curto, o &quot;Sentiero degli Dei&quot; (Caminho dos Deuses).<\/p>\n<p>Para os caminhantes de lazer com afinidade com a altitude, ainda h\u00e1 muito a descobrir fora do &quot;Sentiero degli Dei&quot;: grandes partes da trilha de caminhada da Costa Amalfitana aqui descrita s\u00e3o caracterizadas pela solid\u00e3o, natureza e tranquilidade! Caminhos \u00edngremes e escalonados com vista para o azul profundo do mar e pequenas aldeias com torres de igrejas extremamente pitorescas alternam-se com caminhos planos por vinhas, olivais e planta\u00e7\u00f5es de limoeiros. O verdadeiro destaque s\u00e3o as vistas das ilhas e montanhas da regi\u00e3o: dependendo da etapa, o Ves\u00favio, o Golfo de N\u00e1poles ou a ilha de Capri podem ser vistos com bom tempo.<\/p>\n<p>A trilha de caminhada descrita aqui leva em seis etapas di\u00e1rias bastante extenuantes de Salerno, no leste, a Sorrento, no oeste da Costa Amalfitana e corre principalmente ao longo da trilha de caminhada CAI 300 ou ao longo de suas muitas trilhas laterais, que tamb\u00e9m t\u00eam n\u00fameros CAI na casa dos 300 variar. As trilhas s\u00e3o gerenciadas pelo Clube Alpino Italiano &quot;CAI - Club Alpino Italiano&quot; e s\u00e3o marcadas em vermelho e branco.<\/p>\n<\/div>\n\t\t<\/div><\/div><div id=\"pgc-10-0-1\"  class=\"panel-grid-cell\" ><div id=\"panel-10-0-1-0\" class=\"so-panel widget widget_sow-image panel-first-child panel-last-child\" data-index=\"1\" ><div\n\t\t\t\n\t\t\tclass=\"so-widget-sow-image so-widget-sow-image-default-dbf295114b96-10\"\n\t\t\t\n\t\t>\n<div class=\"sow-image-container\">\n\t\t\t<a href=\"https:\/\/www.amalfi-wanderweg.de\/wp-content\/uploads\/2016\/06\/Amalfiwanderweg-alta-via-CAI300.jpg\"\n\t\t\t\t\t>\n\t\t\t<img \n\tsrc=\"https:\/\/www.amalfi-wanderweg.de\/wp-content\/uploads\/2016\/06\/Amalfiwanderweg-alta-via-CAI300.jpg\" width=\"1200\" height=\"616\" srcset=\"https:\/\/www.amalfi-wanderweg.de\/wp-content\/uploads\/2016\/06\/Amalfiwanderweg-alta-via-CAI300.jpg 1200w, https:\/\/www.amalfi-wanderweg.de\/wp-content\/uploads\/2016\/06\/Amalfiwanderweg-alta-via-CAI300-300x154.jpg 300w, https:\/\/www.amalfi-wanderweg.de\/wp-content\/uploads\/2016\/06\/Amalfiwanderweg-alta-via-CAI300-768x394.jpg 768w, https:\/\/www.amalfi-wanderweg.de\/wp-content\/uploads\/2016\/06\/Amalfiwanderweg-alta-via-CAI300-1024x526.jpg 1024w\" sizes=\"(max-width: 1200px) 100vw, 1200px\" title=\"A caminhada ocorre diretamente no CAI-300 ou em trilhas paralelas.\" alt=\"Trilha de caminhada Amalfi - alta via CAI300\" \t\tclass=\"so-widget-image\"\/>\n\t\t\t<\/a><\/div>\n\n<h3 class=\"widget-title\">A caminhada ocorre diretamente no CAI-300 ou em trilhas paralelas.<\/h3><\/div><\/div><\/div><\/div><div id=\"pg-10-1\"  class=\"panel-grid panel-no-style\" ><div id=\"pgc-10-1-0\"  class=\"panel-grid-cell\" ><div id=\"panel-10-1-0-0\" class=\"so-panel widget widget_sow-image panel-first-child panel-last-child\" data-index=\"2\" ><div\n\t\t\t\n\t\t\tclass=\"so-widget-sow-image so-widget-sow-image-default-dbf295114b96-10\"\n\t\t\t\n\t\t>\n<div class=\"sow-image-container\">\n\t\t\t<a href=\"https:\/\/www.amalfi-wanderweg.de\/wp-content\/uploads\/Amalfik\u00fcste-Wandern-auf-dem-CAI-300-rot-wei\u00dfe-Markaturen-weise-den-Weg.jpg\"\n\t\t\t\t\t>\n\t\t\t<img loading=\"lazy\" decoding=\"async\" src=\"https:\/\/www.amalfi-wanderweg.de\/wp-content\/uploads\/Amalfik\u00fcste-Wandern-auf-dem-CAI-300-rot-wei\u00dfe-Markaturen-weise-den-Weg.jpg\" width=\"800\" height=\"600\" srcset=\"\" sizes=\"auto, (max-width: 800px) 100vw, 800px\" title=\"Caminhada no CAI 300 - o caminho nem sempre \u00e9 t\u00e3o bem sinalizado como aqui!\" alt=\"\" class=\"so-widget-image\" data-srcset=\"\">\n\t\t\t<\/a><\/div>\n\n<h3 class=\"widget-title\">Caminhada no CAI 300 - o caminho nem sempre \u00e9 t\u00e3o bem sinalizado como aqui!<\/h3><\/div><\/div><\/div><div id=\"pgc-10-1-1\"  class=\"panel-grid-cell\" ><div id=\"panel-10-1-1-0\" class=\"so-panel widget widget_sow-editor panel-first-child\" data-index=\"3\" ><div\n\t\t\t\n\t\t\tclass=\"so-widget-sow-editor so-widget-sow-editor-base\"\n\t\t\t\n\t\t><h3 class=\"widget-title\">Muitos metros de altitude, pouca bagagem e &quot;Dolce Vita&quot; todas as noites<\/h3>\n<div class=\"siteorigin-widget-tinymce textwidget\">\n\t<p>Adoramos f\u00e9rias de caminhada com muitos metros de altitude, pouca bagagem e belas acomoda\u00e7\u00f5es!<br \/>\nE tamb\u00e9m para este \u00faltimo, a Costa Amalfitana com suas muitas pousadas e pousadas, algumas das quais s\u00e3o geridas com muito amor, \u00e9 ideal! Fizemos o percurso em maio de 2016 e adoramos!<\/p>\n<p>Depois de receber tantos coment\u00e1rios positivos h\u00e1 alguns anos sobre uma sugest\u00e3o de caminhada, trabalhamos em La Gomera (<a href=\"https:\/\/www.rundwanderung-lagomera.de\" target=\"_blank\" rel=\"noopener\">www.rundwandern-lagomera.de<\/a>), tamb\u00e9m criamos um site informativo para esta trilha ao longo da Costa Amalfitana.<\/p>\n<p>Divirta-se caminhando!<\/p>\n<p><strong>franco<\/strong><\/p>\n<\/div>\n<\/div><\/div><div id=\"panel-10-1-1-1\" class=\"so-panel widget widget_sow-image panel-last-child\" data-index=\"4\" ><div\n\t\t\t\n\t\t\tclass=\"so-widget-sow-image so-widget-sow-image-default-9a1bae7b43a8-10\"\n\t\t\t\n\t\t>\n<div class=\"sow-image-container\">\n\t\t<img loading=\"lazy\" decoding=\"async\" src=\"https:\/\/www.amalfi-wanderweg.de\/wp-content\/uploads\/Profil-Frank-2020-150x150.jpg\" width=\"150\" height=\"150\" srcset=\"https:\/\/www.amalfi-wanderweg.de\/wp-content\/uploads\/Profil-Frank-2020-150x150.jpg 150w, https:\/\/www.amalfi-wanderweg.de\/wp-content\/uploads\/Profil-Frank-2020-300x300.jpg 300w, https:\/\/www.amalfi-wanderweg.de\/wp-content\/uploads\/Profil-Frank-2020.jpg 696w\" sizes=\"auto, (max-width: 150px) 100vw, 150px\" alt=\"\" class=\"so-widget-image\">\n\t<\/div>\n\n<h3 class=\"widget-title\"><\/h3><\/div><\/div><\/div><\/div><div id=\"pg-10-2\"  class=\"panel-grid panel-no-style\" ><div id=\"pgc-10-2-0\"  class=\"panel-grid-cell panel-grid-cell-mobile-last\" ><div id=\"panel-10-2-0-0\" class=\"so-panel widget widget_sow-image panel-first-child\" data-index=\"5\" ><div\n\t\t\t\n\t\t\tclass=\"so-widget-sow-image so-widget-sow-image-default-8b5b6f678277-10\"\n\t\t\t\n\t\t>\n<div class=\"sow-image-container\">\n\t\t\t<a href=\"https:\/\/www.amalfi-wanderweg.de\/wp-content\/uploads\/wundersch\u00f6ne-Pflanzenwelt-an-der-Amalfik\u00fcste.jpg\">\n\t\t\t<img loading=\"lazy\" decoding=\"async\" src=\"https:\/\/www.amalfi-wanderweg.de\/wp-content\/uploads\/wundersch\u00f6ne-Pflanzenwelt-an-der-Amalfik\u00fcste.jpg\" width=\"1200\" height=\"392\" srcset=\"https:\/\/www.amalfi-wanderweg.de\/wp-content\/uploads\/wundersch\u00f6ne-Pflanzenwelt-an-der-Amalfik\u00fcste.jpg 1200w, https:\/\/www.amalfi-wanderweg.de\/wp-content\/uploads\/wundersch\u00f6ne-Pflanzenwelt-an-der-Amalfik\u00fcste-150x49.jpg 150w, https:\/\/www.amalfi-wanderweg.de\/wp-content\/uploads\/wundersch\u00f6ne-Pflanzenwelt-an-der-Amalfik\u00fcste-300x98.jpg 300w, https:\/\/www.amalfi-wanderweg.de\/wp-content\/uploads\/wundersch\u00f6ne-Pflanzenwelt-an-der-Amalfik\u00fcste-1024x335.jpg 1024w, https:\/\/www.amalfi-wanderweg.de\/wp-content\/uploads\/wundersch\u00f6ne-Pflanzenwelt-an-der-Amalfik\u00fcste-800x261.jpg 800w, https:\/\/www.amalfi-wanderweg.de\/wp-content\/uploads\/wundersch\u00f6ne-Pflanzenwelt-an-der-Amalfik\u00fcste-600x196.jpg 600w\" sizes=\"auto, (max-width: 1200px) 100vw, 1200px\" title=\"bela flora na Costa Amalfitana\" alt=\"\" class=\"so-widget-image\">\n\t\t\t<\/a><\/div>\n\n<h3 class=\"widget-title\">bela flora na Costa Amalfitana<\/h3><\/div><\/div><div id=\"panel-10-2-0-1\" class=\"so-panel widget widget_sow-editor panel-last-child\" data-index=\"6\" ><div\n\t\t\t\n\t\t\tclass=\"so-widget-sow-editor so-widget-sow-editor-base\"\n\t\t\t\n\t\t><h3 class=\"widget-title\">A trilha de caminhada de longa dist\u00e2ncia na imprensa | Mapas de caminhada em PDF em www.wanderndeluxe.de<\/h3>\n<div class=\"siteorigin-widget-tinymce textwidget\">\n\t<p><strong>Not\u00edcia:<\/strong><\/p>\n<p>A trilha de caminhada de longa dist\u00e2ncia de Amalfi na imprensa: <a href=\"https:\/\/www.amalfi-wanderweg.de\/pt\/relatorios-de-imprensa\/\">amalfi-wanderweg.de\/press-reports\/<\/a><\/p>\n<p><a href=\"https:\/\/www.wanderndeluxe.de\/\" target=\"_blank\" rel=\"noopener\">www.wanderndeluxe.de<\/a>: L\u00e1 voc\u00ea encontrar\u00e1 mais caminhadas de longa dist\u00e2ncia no Mediterr\u00e2neo e uma loja de mapas de caminhadas em PDF para imprimir voc\u00ea mesmo e alguns eBooks (<a href=\"https:\/\/www.wanderndeluxe.de\/shop\/\" target=\"_blank\" rel=\"noopener\">www.wanderndeluxe.de\/shop\/<\/a>).<\/p>\n<p>&nbsp;<\/p>\n<\/div>\n<\/div><\/div><\/div><div id=\"pgc-10-2-1\"  class=\"panel-grid-cell panel-grid-cell-empty\" ><\/div><\/div><\/div>","protected":false},"excerpt":{"rendered":"<p>Die Amalfik\u00fcste geh\u00f6rt zu den spektakul\u00e4rsten K\u00fcstenlandschaften der Welt und ist ein wahres Wanderparadies! Um so \u00fcberraschender ist es, dass sich der Wandertourismus zur Zeit fast ausschlie\u00dflich auf ein kurzes Teilst\u00fcck beschr\u00e4nkt, den &#8222;Sentiero degli Dei&#8220; (Pfad der G\u00f6tter). F\u00fcr H\u00f6henmeter-affine Genu\u00dfwanderer gibt es also abseits des &#8222;Sentiero degli Dei&#8220; noch einiges zu entdecken: gro\u00dfe [&hellip;]<\/p>\n","protected":false},"author":1,"featured_media":0,"parent":0,"menu_order":0,"comment_status":"closed","ping_status":"closed","template":"home-panels.php","meta":{"footnotes":""},"class_list":["post-10","page","type-page","status-publish","hentry","post"],"_links":{"self":[{"href":"https:\/\/www.amalfi-wanderweg.de\/pt\/wp-json\/wp\/v2\/pages\/10","targetHints":{"allow":["GET"]}}],"collection":[{"href":"https:\/\/www.amalfi-wanderweg.de\/pt\/wp-json\/wp\/v2\/pages"}],"about":[{"href":"https:\/\/www.amalfi-wanderweg.de\/pt\/wp-json\/wp\/v2\/types\/page"}],"author":[{"embeddable":true,"href":"https:\/\/www.amalfi-wanderweg.de\/pt\/wp-json\/wp\/v2\/users\/1"}],"replies":[{"embeddable":true,"href":"https:\/\/www.amalfi-wanderweg.de\/pt\/wp-json\/wp\/v2\/comments?post=10"}],"version-history":[{"count":17,"href":"https:\/\/www.amalfi-wanderweg.de\/pt\/wp-json\/wp\/v2\/pages\/10\/revisions"}],"predecessor-version":[{"id":63791,"href":"https:\/\/www.amalfi-wanderweg.de\/pt\/wp-json\/wp\/v2\/pages\/10\/revisions\/63791"}],"wp:attachment":[{"href":"https:\/\/www.amalfi-wanderweg.de\/pt\/wp-json\/wp\/v2\/media?parent=10"}],"curies":[{"name":"wp","href":"https:\/\/api.w.org\/{rel}","templated":true}]}}