{"id":46266,"date":"2020-12-27T12:13:36","date_gmt":"2020-12-27T11:13:36","guid":{"rendered":"https:\/\/www.amalfi-wanderweg.de\/cookie-richtlinie-eu\/"},"modified":"2022-10-26T15:29:32","modified_gmt":"2022-10-26T13:29:32","slug":"gestione-dei-cookie","status":"publish","type":"page","link":"https:\/\/www.amalfi-wanderweg.de\/it\/cookie-richtlinie\/","title":{"rendered":"Gestione dei Cookie"},"content":{"rendered":"<div id=\"pl-46266\"  class=\"panel-layout\" ><div id=\"pg-46266-0\"  class=\"panel-grid panel-no-style\" ><div id=\"pgc-46266-0-0\"  class=\"panel-grid-cell\" ><div id=\"panel-46266-0-0-0\" class=\"so-panel widget widget_sow-editor panel-first-child\" data-index=\"0\" ><div\n\t\t\t\n\t\t\tclass=\"so-widget-sow-editor so-widget-sow-editor-base\"\n\t\t\t\n\t\t>\n<div class=\"siteorigin-widget-tinymce textwidget\">\n\t\n<!-- Legal document generated by Complianz | GDPR\/CCPA Cookie Consent https:\/\/wordpress.org\/plugins\/complianz-gdpr -->\n<div id=\"cmplz-document\" class=\"cmplz-document cookie-statement cmplz-document-eu\"><p><i>Questa politica sui cookie \u00e8 stata aggiornata l&#039;ultima volta il 19. Giugno 2025 e si applica alle citt\u00e0 e ai residenti in modo permanente legalmente dallo Spazio Economico Europeo e della Svizzera.<\/i><br><\/p><h2>1. Introduzione<\/h2><p>Il nostro sito web, <a href=\"https:\/\/www.amalfi-wanderweg.de\/it\">https:\/\/www.amalfi-wanderweg.de\/it<\/a> (di seguito: &quot;il sito web&quot;) utilizza i cookie e altre tecnologie correlate (per comodit\u00e0 tutte le tecnologie sono definite &quot;cookie&quot;). I cookie vengono anche inseriti da terze parti che abbiamo ingaggiato. Nel documento sottostante ti informiamo sull&#039;uso dei cookie sul nostro sito web.<\/p><h2>2. Cosa sono i biscotti?<\/h2><p>I cookie sono dei semplici file spediti assieme alle pagine di questo sito e salvati dal tuo browser sul disco rigido del tuo computer o altri dispositivi. Le informazioni raccolte in essi possono venire rispedite ai nostri server oppure ai server di terze parti durante la prossima visita.<\/p><h2>3. Cosa sono gli script?<\/h2><p>Uno script \u00e8 un pezzo di codice usato per far funzionare correttamente ed interattivamente il nostro sito. Questo codice viene eseguito sui nostri server o sul tuo dispositivo.<\/p><h2>4. Cos&#039;\u00e8 un web beacon?<\/h2><p>Un web beacon (o pixel tag) \u00e8 un piccolo, invisibile pezzo di testo o immagine su un sito che viene usato per monitorare il traffico di un sito web. Per fare questo, vari dati su di te vengono conservati utilizzando dei web beacon.<\/p><h2>5.Cookie<\/h2><p class=\"cmplz-subtitle\">5.1 Cookie tecnici e funzionali<\/p><p>Alcuni cookie garantiscono il corretto funzionamento del sito e che le tue preferenze contrassegnate non sono valide. Inserisci le funzioni dei cookie, rendiamo pi\u00f9 facile per te visitare il nostro sito web. In questo modo non devi inserire ripetutamente le stesse informazioni quando visiti il nostro sito web, per esempio, l&#039;oggetto rimane nel tuo carrello finch\u00e9 non hai pagato. Possiamo piazzare questi cookie senza il tuo consenso.<\/p><p class=\"cmplz-subtitle\">5.2 Cookie di marketing\/transazione<\/p><p>I cookie di marketing\/tracciamento sono cookie o qualsiasi altra forma di memorizzazione locale, utilizzati per creare profili utente per visualizzare pubblicit\u00e0 o per tracciare l&#039;utente su questo sito web o su diversi siti web per scopi di marketing simili.<\/p><h2>6. Inserimento dei cookie<\/h2><div id=\"cmplz-cookies-overview\"><details class=\"cmplz-dropdown cmplz-service-desc cmplz-dropdown-cookiepolicy\">\n\t<summary class=\"cmplz-service-header\"><div>\n\t\t<h3>Conformit\u00e0<\/h3>\n\t\t<p>Funzionale<\/p>\n\t\t<label for=\"cmplz_service_complianz\" class=\"cmplz_consent_per_service_label\"><span class=\"screen-reader-text\">Consenso alla conformit\u00e0 del servizio<\/span><\/label>\n\t\t<input type=\"checkbox\" id=\"cmplz_service_complianz\" class=\"cmplz-accept-service cmplz-hidden\" data-service=\"complianz\" data-category=\"functional\"><\/div>\n\t<\/summary>\n\t<div class=\"cmplz-service-description\">\n\t\t<h4>Utilizzo<\/h4>\n\t\t<p>Utilizziamo Complianz per la gestione del consenso ai cookie.<\/p>\n\t<\/div>\n\t<div class=\"cmplz-sharing-data\">\n\t\t<h4>Divisione dei dati<\/h4>\n\t\t<p>Questi dati non sono condivisi con terze parti. Per ulteriori informazioni \u00e8 importante leggerlo <a target=\"_blank\" rel=\"noopener noreferrer\" href=\"https:\/\/complianz.io\/legal\/privacy-statement\/\">Conformit\u00e0 alla Dichiarazione sulla Privacy<\/a>.<\/p>\n\t<\/div>\n\t<div class=\"cookies-per-purpose\">\n    <div class=\"purpose\"><h4>Funzionale<\/h4><\/div>\n    <div class=\"name-header\">\n\t<h5>Nome<\/h5>\n<\/div>\n<div class=\"name\">cmplz_policy_id<\/div>\n<div class=\"retention-header\">\n\t<h5>Scadenza<\/h5>\n<\/div>\n<div class=\"retention\">365 giorni<\/div>\n<div class=\"function-header\">\n\t<h5>Funzione<\/h5>\n<\/div>\n<div class=\"function\">ID della politica sui cookie accettata dal negozio<\/div>\n<div class=\"name-header\">\n\t<h5>Nome<\/h5>\n<\/div>\n<div class=\"name\">cmplz_banner status<\/div>\n<div class=\"retention-header\">\n\t<h5>Scadenza<\/h5>\n<\/div>\n<div class=\"retention\">365 giorni<\/div>\n<div class=\"function-header\">\n\t<h5>Funzione<\/h5>\n<\/div>\n<div class=\"function\">Memorizza se il banner dei cookie \u00e8 stato chiuso<\/div>\n<div class=\"name-header\">\n\t<h5>Nome<\/h5>\n<\/div>\n<div class=\"name\">cmplz_marketing<\/div>\n<div class=\"retention-header\">\n\t<h5>Scadenza<\/h5>\n<\/div>\n<div class=\"retention\">365 giorni<\/div>\n<div class=\"function-header\">\n\t<h5>Funzione<\/h5>\n<\/div>\n<div class=\"function\">Memorizza le preferenze relative al consenso sui cookie<\/div>\n<div class=\"name-header\">\n\t<h5>Nome<\/h5>\n<\/div>\n<div class=\"name\">cmplz_statistics<\/div>\n<div class=\"retention-header\">\n\t<h5>Scadenza<\/h5>\n<\/div>\n<div class=\"retention\">365 giorni<\/div>\n<div class=\"function-header\">\n\t<h5>Funzione<\/h5>\n<\/div>\n<div class=\"function\">Memorizza le preferenze relative al consenso sui cookie<\/div>\n<div class=\"name-header\">\n\t<h5>Nome<\/h5>\n<\/div>\n<div class=\"name\">cmplz_preferenze<\/div>\n<div class=\"retention-header\">\n\t<h5>Scadenza<\/h5>\n<\/div>\n<div class=\"retention\">365 giorni<\/div>\n<div class=\"function-header\">\n\t<h5>Funzione<\/h5>\n<\/div>\n<div class=\"function\">Memorizza le preferenze relative al consenso sui cookie<\/div>\n<div class=\"name-header\">\n\t<h5>Nome<\/h5>\n<\/div>\n<div class=\"name\">cmplz_funzionale<\/div>\n<div class=\"retention-header\">\n\t<h5>Scadenza<\/h5>\n<\/div>\n<div class=\"retention\">365 giorni<\/div>\n<div class=\"function-header\">\n\t<h5>Funzione<\/h5>\n<\/div>\n<div class=\"function\">Memorizza le preferenze relative al consenso sui cookie<\/div>\n<div class=\"name-header\">\n\t<h5>Nome<\/h5>\n<\/div>\n<div class=\"name\">cmplz_consented_services<\/div>\n<div class=\"retention-header\">\n\t<h5>Scadenza<\/h5>\n<\/div>\n<div class=\"retention\">365 giorni<\/div>\n<div class=\"function-header\">\n\t<h5>Funzione<\/h5>\n<\/div>\n<div class=\"function\">Memorizza le preferenze relative al consenso sui cookie<\/div>\n\n<\/div>\n<\/details>\n<details class=\"cmplz-dropdown cmplz-service-desc cmplz-dropdown-cookiepolicy\">\n\t<summary class=\"cmplz-service-header\"><div>\n\t\t<h3>Download digitali facili<\/h3>\n\t\t<p>Funzionale<\/p>\n\t\t<label for=\"cmplz_service_easy-digital-downloads\" class=\"cmplz_consent_per_service_label\"><span class=\"screen-reader-text\">Consenso al servizio di download digitale facilitato<\/span><\/label>\n\t\t<input type=\"checkbox\" id=\"cmplz_service_easy-digital-downloads\" class=\"cmplz-accept-service cmplz-hidden\" data-service=\"easy-digital-downloads\" data-category=\"functional\"><\/div>\n\t<\/summary>\n\t<div class=\"cmplz-service-description\">\n\t\t<h4>Utilizzo<\/h4>\n\t\t<p>Usiamo Easy Digital Downloads per gestione del negozio online.<\/p>\n\t<\/div>\n\t<div class=\"cmplz-sharing-data\">\n\t\t<h4>Divisione dei dati<\/h4>\n\t\t<p>Questi dati non sono condivisi con terze parti.<\/p>\n\t<\/div>\n\t<div class=\"cookies-per-purpose\">\n    <div class=\"purpose\"><h4>Funzionale<\/h4><\/div>\n    <div class=\"name-header\">\n\t<h5>Nome<\/h5>\n<\/div>\n<div class=\"name\">edd_elementi_nel_carrello<\/div>\n<div class=\"retention-header\">\n\t<h5>Scadenza<\/h5>\n<\/div>\n<div class=\"retention\">30 minuti<\/div>\n<div class=\"function-header\">\n\t<h5>Funzione<\/h5>\n<\/div>\n<div class=\"function\">Salva gli oggetti nel carrello<\/div>\n\n<\/div>\n<\/details>\n<details class=\"cmplz-dropdown cmplz-service-desc cmplz-dropdown-cookiepolicy\">\n\t<summary class=\"cmplz-service-header\"><div>\n\t\t<h3>Variet\u00e0<\/h3>\n\t\t<p>Scopo in attesa di indagine<\/p>\n\t\t<label for=\"cmplz_service_varie\" class=\"cmplz_consent_per_service_label\"><span class=\"screen-reader-text\">Consenso alla variazione del servizio<\/span><\/label>\n\t\t<input type=\"checkbox\" id=\"cmplz_service_varie\" class=\"cmplz-accept-service cmplz-hidden\" data-service=\"varie\" data-category=\"functional\"><\/div>\n\t<\/summary>\n\t<div class=\"cmplz-service-description\">\n\t\t<h4>Utilizzo<\/h4>\n\t\t<p><\/p>\n\t<\/div>\n\t<div class=\"cmplz-sharing-data\">\n\t\t<h4>Divisione dei dati<\/h4>\n\t\t<p>La condizione dei dati \u00e8 in attesa di indagine<\/p>\n\t<\/div>\n\t<div class=\"cookies-per-purpose\">\n    <div class=\"purpose\"><h4>Scopo in attesa di indagine<\/h4><\/div>\n    <div class=\"name-header\">\n\t<h5>Nome<\/h5>\n<\/div>\n<div class=\"name\">NFWSESSID<\/div>\n<div class=\"retention-header\">\n\t<h5>Scadenza<\/h5>\n<\/div>\n<div class=\"retention\"><\/div>\n<div class=\"function-header\">\n\t<h5>Funzione<\/h5>\n<\/div>\n<div class=\"function\"><\/div>\n<div class=\"name-header\">\n\t<h5>Nome<\/h5>\n<\/div>\n<div class=\"name\">bulkSecret<\/div>\n<div class=\"retention-header\">\n\t<h5>Scadenza<\/h5>\n<\/div>\n<div class=\"retention\"><\/div>\n<div class=\"function-header\">\n\t<h5>Funzione<\/h5>\n<\/div>\n<div class=\"function\"><\/div>\n\n<\/div>\n<\/details>\n<\/div><h2>7. Consenso<\/h2><p>Quando visiti il sito web per la prima volta, mostreremo un popup con una spiegazione dei cookie. Appena cliccato su &quot;Salva impostazioni&quot;, dai il permesso a noi di usare le categorie di cookie e plugin come descritto in questa dichiarazione relativa ai popup e cookie. Puoi disabilitare i cookie allegati al browser, ma prendi in considerazione, che il nostro sito web potrebbe non funzionare pi\u00f9 correttamente.<\/p><p class=\"cmplz-subtitle\">7.1 Gesti per effettuare impostazioni di consenso<\/p><div id=\"cmplz-manage-consent-container-nojavascript\">Hai caricato la Cookie Policy senza supporto javascript. Su AMP, puoi utilizzare il gesto pulsante del consenso sullo sfondo di tutte le pagine.<\/div><div id=\"cmplz-manage-consent-container\" class=\"cmplz-manage-consent-container\"><\/div><h2>8. Abilitare\/disabilitare e cancellare i cookie<\/h2><p>\u00c8 possibile utilizzare il browser per cancellare automaticamente o manualmente il cookie. \u00c8 anche possibile che vengano effettuate determinazioni specifiche sui cookie al di l\u00e0 dei piazzati. Un&#039;altra opzione \u00e8 modificare le impostazioni del browser internet in modalit\u00e0 da ricevere un messaggio ogni volta che viene inserito un cookie. Per ulteriori informazioni su queste opzioni, consultare le istruzioni nella sezione Guida del tuo browser.<\/p><p>Tieni presente che il nostro sito web potrebbe non funzionare correttamente se tutti i cookie sono disabilitati. Se cancelli il cookie nel tuo browser, non sarai in grado di inserirlo nel tuo consenso prima di visitare il sito web.<\/p><h2>9. Mi metto in relazione ai miei dati personali<\/h2><p>Hai i seguenti diritti relativi ai tuoi dati personali:<\/p><ul>\n                    <li>Hai il diritto di sapere quando i tuoi dati personali sono necessari, cosa succede ad essi, quanto a lungo verranno mantenuti.<\/li>\n                    <li>Diritto di accesso: hai il diritto ad accedere ai tuoi dati personali dei quali siamo a conoscenza.<\/li>\n                    <li>Diritto di rettifica: hai il diritto di completare, correggere, cancellare o bloccare i tuoi dati personali quando lo desideri.<\/li>\n                    <li>Se ci darai il consenso per elaborare i tuoi dati, hai il diritto di revocare questo consenso e di eliminare i tuoi dati personali.<\/li>\n                    <li>Diritto di trasferire i tuoi dati: hai il diritto di richiedere tutti i tuoi dati dal controllore e trasferirli tutti quanti ad un altro controllore.<\/li>\n                    <li>Diritto di opposizione: hai il diritto ad opporti al trattamento dei tuoi dati. Noi rispetteremo questa scelta, a meno che non ci siano delle motivazioni valide per trattarli.<\/li>\n                <\/ul><p>Per esercitare questi diritti, non esitare a contattarci. Si prega di fare riferimento ai dettagli di contatto in fondo a questa Cookie Policy. Se hai un reclamo su come gestiamo i tuoi dati, vorremmo sentirti, ma hai anche il diritto di presentare un reclamo all&#039;autorit\u00e0 di vigilanza (l&#039;Autorit\u00e0 per la Protezione dei Dati).<\/p><h2>10. Dati di contatto<\/h2><p>Per domande e\/o commenti riguardo la Cookie Policy e questa dichiarazione, per favore contatta usando i seguenti dati di contatto:<\/p><p><span class=\"cmplz-contact-organisation\">Frank Ehlers<\/span><br>\n                      <span class=\"cmplz-contact-address\">via federale 82<br \/>\r\n20144 Amburgo<\/span><br>\n                      <span class=\"cmplz-contact-country\">Germania<\/span><br>\n                      <span class=\"cmplz-contact-domain\">Sito web: <a href=\"https:\/\/www.amalfi-wanderweg.de\/it\">https:\/\/www.amalfi-wanderweg.de\/it<\/a><\/span><br>\n                      <span class=\"cmplz-contact-email\">E-mail: <span class=\"cmplz-obfuscate\">informazioni@<span class=\"cmplz-fmail-domain\">ex.com<\/span>&#119;&#097;&#110;d&#101;r&#110;&#100;e&#108;uxe&#046;d&#101;<\/span><\/span><br>\n                    <span class=\"cmplz-contact-telephone\"><\/span><\/p><p>Questa politica sui cookie \u00e8 stata sincronizzata con <a href=\"https:\/\/cookiedatabase.org\/\" target=\"_blank\" rel=\"noopener\">cookiedatabase.org<\/a> 28 aprile 2025.<\/p><\/div>\n<\/div>\n<\/div><\/div><div id=\"panel-46266-0-0-1\" class=\"so-panel widget widget_sow-editor panel-last-child\" data-index=\"1\" ><div\n\t\t\t\n\t\t\tclass=\"so-widget-sow-editor so-widget-sow-editor-base\"\n\t\t\t\n\t\t>\n<div class=\"siteorigin-widget-tinymce textwidget\">\n\t<p>Hai dato il consenso alle seguenti categorie di cookie:<br \/>\n<div id=\"cmplz-manage-consent-container-nojavascript\">Hai caricato la Cookie Policy senza supporto javascript. Su AMP, puoi utilizzare il gesto pulsante del consenso sullo sfondo di tutte le pagine.<\/div><div id=\"cmplz-manage-consent-container\" name=\"cmplz-manage-consent-container\" class=\"cmplz-manage-consent-container\"><\/div><br \/>\nPuoi revocare o ridare il tuo consenso in qualsiasi momento:<br \/>\n<style>.cmplz-status-accepted,.cmplz-status-denied {display: none;}<\/style>\n\t\t\t\t<script>\n\t\t\t\tdocument.addEventListener('cmplz_before_cookiebanner', function(){\n                    if (cmplz_has_consent('marketing')) {\n\t\t\t\t        document.querySelector('.cmplz-status-accepted').style.display = 'block';\n\t\t\t\t        document.querySelector('.cmplz-status-denied').style.display = 'none';\n\t\t\t\t    } else {\n\t\t\t\t\t\tdocument.querySelector('.cmplz-status-accepted').style.display = 'none';\n\t\t\t\t        document.querySelector('.cmplz-status-denied').style.display = 'block';\n\t\t\t\t\t\tdocument.querySelector('.cmplz-revoke-custom').setAttribute('disabled', true);\n\n\t\t\t\t    }\n                    document.addEventListener('click', e => {\n\t\t\t\t\t\tif ( e.target.closest('.cmplz-revoke-custom') ) {\n\t\t\t\t\t\t\tdocument.querySelector('.cmplz-revoke-custom').setAttribute('disabled', true);\n                            cmplz_set_banner_status('dismissed');\n\t\t\t\t\t\t}\n\t\t\t\t\t});\n                    document.addEventListener('click', e => {\n\t\t\t\t\t\tif ( e.target.closest('.cmplz-accept') ) {\n                            document.querySelector('.cmplz-status-accepted').style.display = 'block';\n\t\t\t\t        \tdocument.querySelector('.cmplz-status-denied').style.display = 'none';\n\t\t\t\t\t\t\tdocument.querySelector('.cmplz-revoke-custom').removeAttribute('disabled');\n\t\t\t\t\t\t}\n\t\t\t\t\t});\n\t\t\t\t});\n\t\t\t<\/script><button class=\"cmplz-deny cmplz-revoke-custom\">Revoca il consenso ai cookie<\/button>&nbsp;<span class=\"cmplz-status-accepted\">Stato attuale: Accettato<\/span><span class=\"cmplz-status-denied\">Stato attuale: Negato<\/span><\/p>\n<div class=\"cmplz-custom-accept-btn cmplz-accept\"><a href=\"#\">Concedi il consenso ai cookie<\/a><\/div>\n<\/div>\n<\/div><\/div><\/div><\/div><\/div>","protected":false},"excerpt":{"rendered":"<p>Hai prestato il tuo consenso alle seguenti categorie di cookie: Puoi revocare o prestare nuovamente il tuo consenso in qualsiasi momento:<\/p>","protected":false},"author":1,"featured_media":0,"parent":0,"menu_order":0,"comment_status":"closed","ping_status":"closed","template":"","meta":{"footnotes":""},"class_list":["post-46266","page","type-page","status-publish","hentry","post"],"_links":{"self":[{"href":"https:\/\/www.amalfi-wanderweg.de\/it\/wp-json\/wp\/v2\/pages\/46266","targetHints":{"allow":["GET"]}}],"collection":[{"href":"https:\/\/www.amalfi-wanderweg.de\/it\/wp-json\/wp\/v2\/pages"}],"about":[{"href":"https:\/\/www.amalfi-wanderweg.de\/it\/wp-json\/wp\/v2\/types\/page"}],"author":[{"embeddable":true,"href":"https:\/\/www.amalfi-wanderweg.de\/it\/wp-json\/wp\/v2\/users\/1"}],"replies":[{"embeddable":true,"href":"https:\/\/www.amalfi-wanderweg.de\/it\/wp-json\/wp\/v2\/comments?post=46266"}],"version-history":[{"count":8,"href":"https:\/\/www.amalfi-wanderweg.de\/it\/wp-json\/wp\/v2\/pages\/46266\/revisions"}],"predecessor-version":[{"id":46278,"href":"https:\/\/www.amalfi-wanderweg.de\/it\/wp-json\/wp\/v2\/pages\/46266\/revisions\/46278"}],"wp:attachment":[{"href":"https:\/\/www.amalfi-wanderweg.de\/it\/wp-json\/wp\/v2\/media?parent=46266"}],"curies":[{"name":"parola chiave","href":"https:\/\/api.w.org\/{rel}","templated":true}]}}