{"id":310,"date":"2016-06-28T07:58:07","date_gmt":"2016-06-28T05:58:07","guid":{"rendered":"https:\/\/www.amalfi-wanderweg.de\/?page_id=310"},"modified":"2025-04-28T13:44:29","modified_gmt":"2025-04-28T11:44:29","slug":"intimita","status":"publish","type":"page","link":"https:\/\/www.amalfi-wanderweg.de\/it\/datenschutz\/","title":{"rendered":"Protezione dati"},"content":{"rendered":"<div id=\"pl-310\"  class=\"panel-layout\" ><div id=\"pg-310-0\"  class=\"panel-grid panel-no-style\" ><div id=\"pgc-310-0-0\"  class=\"panel-grid-cell\" ><div id=\"panel-310-0-0-0\" class=\"so-panel widget widget_sow-editor panel-first-child\" data-index=\"0\" ><div\n\t\t\t\n\t\t\tclass=\"so-widget-sow-editor so-widget-sow-editor-base\"\n\t\t\t\n\t\t>\n<div class=\"siteorigin-widget-tinymce textwidget\">\n\t<p>Quando si utilizza il nostro sito Web, i dati personali ai sensi della legge federale tedesca sulla protezione dei dati e del regolamento generale europeo sulla protezione dei dati (UE-GDPR) vengono raccolti e archiviati in vari modi. Questo viene fatto in modi diversi a seconda dell&#039;area di utilizzo:<\/p>\n<p><strong>Download<\/strong><\/p>\n<p>Offriamo download di file sul nostro sito web. I &quot;cookie&quot; (piccoli file di testo che vengono memorizzati sul tuo computer dal browser) vengono utilizzati per memorizzare nella cache il contenuto del carrello. Nell&#039;ulteriore processo di ordinazione, raccogliamo il tuo indirizzo e-mail per inviarti i link di download desiderati una volta via e-mail. L&#039;indicazione del cognome e del nome \u00e8 facoltativa. Il programma &quot;Easy Digital Downloads&quot; o il plug-in WordPress che utilizziamo per il download di file memorizza le seguenti informazioni nel nostro database: indirizzo e-mail, cognome e nome (se specificato dall&#039;utente), i file di download selezionati (carrello della spesa) e la cronologia dei download (un registro di quando e quanto spesso hai scaricato quali file). Questa memorizzazione dei dati viene utilizzata per l&#039;elaborazione automatizzata delle vostre richieste di download di file e per valutazioni statistiche. Su tua richiesta, cancelleremo i tuoi dati personali dal nostro database.<\/p>\n<p><strong>Commenti<\/strong><\/p>\n<p>Se lasci un contributo o un commento su questo sito web, il tuo nome, il tuo indirizzo e-mail e - se lo hai inserito nel modulo - eventualmente anche il tuo sito web saranno memorizzati con noi. Il tuo indirizzo e-mail non \u00e8 visibile pubblicamente, ma pu\u00f2 essere utilizzato da noi per domande o risposte in relazione al tuo commento. Se desideri che un commento che hai inserito sia cancellato, faccelo sapere via e-mail.<\/p>\n<p><strong>Iscriviti alle notifiche sui commenti<\/strong><\/p>\n<p>Indipendentemente dalla possibilit\u00e0 di lasciare personalmente commenti sul sito Web, esiste anche la possibilit\u00e0 di essere informati da noi di nuovi commenti su un post tramite e-mail. In questo caso, salviamo il tuo indirizzo e-mail e il contributo o i contributi a cui desideri iscriverti ai commenti. Per motivi di sicurezza, \u00e8 necessario confermare il proprio consenso utilizzando la cosiddetta procedura di double opt-in. Puoi eliminare le tue iscrizioni alle notifiche in qualsiasi momento; i corrispondenti collegamenti di annullamento dell&#039;iscrizione sono inclusi in ogni e-mail di notifica.<\/p>\n<p><strong>Modulo di contatto \/ Email<\/strong><\/p>\n<p>Se ci contatti via e-mail o tramite il modulo di contatto con domande di qualsiasi tipo, forniscici il tuo consenso volontario allo scopo di stabilire un contatto. Ci\u00f2 richiede la specifica di un indirizzo e-mail valido. Questo viene utilizzato per allocare la richiesta e quindi per rispondere. Il conferimento di ulteriori dati \u00e8 facoltativo. Le informazioni fornite verranno archiviate allo scopo di elaborare la richiesta e per eventuali domande di follow-up.<\/p>\n<p><strong>Utilizzo di Google Maps<\/strong><\/p>\n<p>Questo sito Web utilizza l&#039;API di Google Maps per visualizzare visivamente le informazioni geografiche. Quando si utilizza Google Maps, Google raccoglie, elabora e utilizza anche dati sull&#039;utilizzo delle funzioni della mappa da parte dei visitatori. Puoi trovare ulteriori informazioni sul trattamento dei dati da parte di Google <a href=\"http:\/\/www.google.com\/privacypolicy.html\" target=\"_blank\" rel=\"noopener\">l&#039;informativa sulla privacy di Google<\/a> rimuovere. L\u00ec puoi anche modificare le tue impostazioni di protezione dei dati personali nel centro di protezione dei dati.<\/p>\n<p>Istruzioni dettagliate su come gestire i propri dati in relazione ai prodotti Google<a href=\"http:\/\/www.dataliberation.org\/\" target=\"_blank\" rel=\"noopener\"> Troverete qui<\/a>.<\/p>\n<p><strong>Posizione \/ geolocalizzazione<\/strong><\/p>\n<p>Con le mappe basate su OpenStreetMap integrate nel nostro sito Web, offriamo opzionalmente la possibilit\u00e0 di visualizzare la propria posizione sulla mappa. Questa \u00e8 una funzionalit\u00e0 del cosiddetto standard HTML 5. Prima che vengano richiesti i tuoi dati sulla posizione, ti verr\u00e0 chiesto il tuo consenso esplicito dal tuo browser. Non valutiamo la tua posizione trasmessa in questo modo. La determinazione della posizione serve solo a mostrarti la sezione della mappa intorno alla tua posizione attuale.<\/p>\n<\/div>\n<\/div><\/div><div id=\"panel-310-0-0-1\" class=\"so-panel widget widget_sow-editor\" data-index=\"1\" ><div\n\t\t\t\n\t\t\tclass=\"so-widget-sow-editor so-widget-sow-editor-base\"\n\t\t\t\n\t\t>\n<div class=\"siteorigin-widget-tinymce textwidget\">\n\t<p><strong>Partecipazione a programmi per partner affiliati<\/strong><\/p>\n<p><span class=\"ts-muster-content\">Nell&#039;ambito della nostra offerta online, utilizziamo misure di tracciamento consuete nel settore sulla base dei nostri interessi legittimi (vale a dire l&#039;interesse per l&#039;analisi, l&#039;ottimizzazione e il funzionamento economico della nostra offerta online) ai sensi dell&#039;articolo 6 capoverso 1 lit. Di seguito, spieghiamo il background tecnico agli utenti.<\/span><\/p>\n<p>I servizi offerti dai nostri partner contrattuali possono essere pubblicizzati e collegati anche su altri siti web (i cosiddetti link di affiliazione o sistemi after-buy, se, ad esempio, vengono offerti link o servizi di terzi dopo la conclusione di un contratto). Gli operatori dei rispettivi siti web ricevono una commissione se gli utenti seguono i link di affiliazione e poi approfittano delle offerte.<\/p>\n<p>In sintesi, per la nostra offerta online \u00e8 necessario che possiamo monitorare se gli utenti interessati ai link di affiliazione e\/o alle offerte da noi disponibili percepiscono successivamente le offerte su iniziativa dei link di affiliazione o della nostra piattaforma online. A tale scopo, i link di affiliazione e le nostre offerte sono integrati con determinati valori che possono essere impostati come parte del link o in altro modo, ad esempio in un cookie. I valori includono in particolare il sito Web di origine (referrer), l&#039;ora, un ID online dell&#039;operatore del sito Web su cui si trovava il link di affiliazione, un ID online della rispettiva offerta, un ID online dell&#039;utente, nonch\u00e9 come monitoraggio di valori specifici come ID media pubblicitario, ID partner e categorizzazioni.<\/p>\n<p>Gli ID utente online che utilizziamo sono valori pseudonimi. Ci\u00f2 significa che gli ID online stessi non contengono dati personali come nomi o indirizzi e-mail. Ci aiutano solo a determinare se lo stesso utente che ha cliccato su un link di affiliazione o era interessato a un&#039;offerta tramite la nostra offerta online ha approfittato dell&#039;offerta, ad esempio ha concluso un contratto con il fornitore. Tuttavia, l&#039;identificatore online \u00e8 personale nella misura in cui l&#039;azienda partner e anche noi disponiamo dell&#039;identificatore online insieme ad altri dati dell&#039;utente. Questo \u00e8 l&#039;unico modo in cui l&#039;azienda partner pu\u00f2 dirci se l&#039;utente ha usufruito dell&#039;offerta e se possiamo, ad esempio, ricevere il bonus.<\/p>\n<p><strong>Programma di affiliazione di Booking.com<\/strong><\/p>\n<p><span class=\"ts-muster-content\">Sulla base dei nostri legittimi interessi (vale a dire l&#039;interesse per il funzionamento economico della nostra offerta online ai sensi dell&#039;art. 6 par. 1 lett. f. GDPR), partecipiamo al programma partner di Booking.com, che \u00e8 stato progettato per fornire un mezzo per i siti Web attraverso il quale \u00e8 possibile guadagnare rimborsi pubblicitari inserendo annunci pubblicitari e collegamenti a Booking.com (il cosiddetto sistema di affiliazione). Booking.com utilizza i cookie per tracciare l&#039;origine delle prenotazioni. Tra le altre cose, Booking.com pu\u00f2 riconoscere che hai cliccato sul link del partner su questo sito web e poi hai effettuato una prenotazione con Booking.com.<\/span><\/p>\n<p>Per ulteriori informazioni su come Booking.com utilizza i dati e su come puoi opporti, consulta l&#039;informativa sulla privacy dell&#039;azienda: <a href=\"https:\/\/www.booking.com\/content\/privacy.de.html\" target=\"_blank\" rel=\"noopener\">https:\/\/www.booking.com\/content\/privacy.de.html<\/a>.<\/p>\n<p><strong>Programma di affiliazione Amazon<\/strong><\/p>\n<p><span class=\"ts-muster-content\">Sulla base dei nostri legittimi interessi (vale a dire l&#039;interesse per il funzionamento economico della nostra offerta online ai sensi dell&#039;art. 6 par. 1 lett. f. GDPR), partecipiamo al programma partner Amazon EU, che \u00e8 stato progettato per fornire un mezzo per i siti Web attraverso il quale \u00e8 possibile guadagnare il posizionamento di annunci pubblicitari e collegamenti al rimborso pubblicitario di Amazon.de (il cosiddetto sistema di affiliazione). Ci\u00f2 significa che, in qualit\u00e0 di partner Amazon, guadagniamo dagli acquisti idonei.<\/span><\/p>\n<p>Amazon utilizza i cookie per poter risalire all&#039;origine degli ordini. Tra le altre cose, Amazon pu\u00f2 riconoscere che hai cliccato sul link del partner su questo sito web e poi hai acquistato un prodotto da Amazon.<\/p>\n<p>Ulteriori informazioni sull&#039;utilizzo dei dati da parte di Amazon e sulla possibilit\u00e0 di opposizione sono disponibili nella dichiarazione sulla protezione dei dati dell&#039;azienda: <a href=\"https:\/\/www.amazon.de\/gp\/help\/customer\/display.html?nodeId=201909010\" target=\"_blank\" rel=\"noopener\">https:\/\/www.amazon.de\/gp\/help\/customer\/display.html?nodeId=201909010<\/a>.<\/p>\n<p>Nota: Amazon e il logo Amazon sono marchi di Amazon.com, Inc. o di una delle sue affiliate.<\/p>\n<\/div>\n<\/div><\/div><div id=\"panel-310-0-0-2\" class=\"so-panel widget widget_sow-editor\" data-index=\"2\" ><div\n\t\t\t\n\t\t\tclass=\"so-widget-sow-editor so-widget-sow-editor-base\"\n\t\t\t\n\t\t>\n<div class=\"siteorigin-widget-tinymce textwidget\">\n\t<p><strong>biscotti<\/strong><\/p>\n<p>Questo sito utilizza i cookie. Questi sono piccoli file di testo che vengono memorizzati sul tuo dispositivo finale. Il tuo browser accede a questi file. L&#039;uso dei cookie aumenta la facilit\u00e0 d&#039;uso e la sicurezza di questo sito web. Utilizziamo i cookie anche in connessione con Google Analytics. I comuni browser offrono l&#039;opzione di impostazione per non consentire i cookie. Nota: non vi \u00e8 alcuna garanzia che sarete in grado di accedere a tutte le funzioni di questo sito Web senza restrizioni se effettuate le impostazioni appropriate.<\/p>\n<p><strong>File di log del server\/dati di accesso<\/strong><\/p>\n<p>Noi o il nostro fornitore del sito raccogliamo dati sull&#039;accesso al sito e li salviamo come &quot;file di registro del server&quot;. I seguenti dati vengono registrati in questo modo:<br \/>\n- Visitato il sito web<br \/>\n- Orario al momento dell&#039;accesso<br \/>\n- Quantit\u00e0 di dati inviati in byte<br \/>\n- Fonte\/riferimento da cui sei arrivato alla pagina<br \/>\n- Browser utilizzato<br \/>\n- Sistema operativo utilizzato<br \/>\n- Indirizzo IP utilizzato in forma anonima<br \/>\nI dati raccolti vengono utilizzati solo per valutazioni statistiche e per migliorare il sito web e vengono cancellati automaticamente dopo 7 giorni.<\/p>\n<p><strong>Modifica alla nostra politica sulla privacy<\/strong><\/p>\n<p>Ci riserviamo il diritto di adattare questa dichiarazione sulla protezione dei dati in modo che corrisponda sempre ai requisiti legali attuali o di apportare modifiche ai nostri servizi nella dichiarazione sulla protezione dei dati, ad esempio quando si introducono nuovi servizi. La nuova dichiarazione sulla protezione dei dati si applicher\u00e0 quindi alla tua prossima visita.<\/p>\n<p><strong>Diritti dell&#039;utente: informazione, correzione e cancellazione<\/strong><\/p>\n<p>Su richiesta, tu come utente riceverai informazioni gratuite su quali dati personali sono stati memorizzati su di te. Se la tua richiesta non \u00e8 in conflitto con un obbligo legale di conservazione dei dati (ad es. conservazione dei dati), hai il diritto di far correggere i dati errati e di bloccare o cancellare i tuoi dati personali.<\/p>\n<\/div>\n<\/div><\/div><div id=\"panel-310-0-0-3\" class=\"so-panel widget widget_sow-editor panel-last-child\" data-index=\"3\" ><div\n\t\t\t\n\t\t\tclass=\"so-widget-sow-editor so-widget-sow-editor-base\"\n\t\t\t\n\t\t>\n<div class=\"siteorigin-widget-tinymce textwidget\">\n\t<p><a class=\"dsg1-6\" href=\"https:\/\/datenschutz-generator.de\" target=\"_blank\" rel=\"nofollow noopener\">Creato con Datenschutz-Generator.de da RA Dr. Thomas Schwenke<\/a> e personalizzato dal titolare del sito.<\/p>\n<p><strong>Altre fonti utilizzate:<\/strong><\/p>\n<p><a href=\"http:\/\/www.datenschutzbeauftragter-info.de\" target=\"_blank\" rel=\"noopener\">www.datenschutzbeauftragter-info.de<\/a><a href=\"http:\/\/datenschutz.org\" target=\"_blank\" rel=\"noopener\">,\u00a0<\/a><a href=\"http:\/\/datenschutz.org\" target=\"_blank\" rel=\"noopener\">datenschutz.org<\/a><a href=\"http:\/\/datenschutz.org\" target=\"_blank\" rel=\"noopener\">, <\/a><a href=\"https:\/\/www.activemind.de\/datenschutz\/datenschutzhinweis-generator\/\" target=\"_blank\" rel=\"noopener\"><em>Generatore di dichiarazione sulla protezione dei dati di activeMind AG<\/em><\/a><\/p>\n<\/div>\n<\/div><\/div><\/div><\/div><\/div>","protected":false},"excerpt":{"rendered":"<p>Bei der Nutzung unserer Website werden auf verschiedene Weise personenbezogene Daten im Sinne des deutschen Bundesdatenschutzgesetzes bzw. der europ\u00e4ischen Datenschutzgrundverordnung (EU-DSGVO) erhoben und gespeichert. Dies geschieht je nach Nutzungsbereich auf unterschiedliche Weise: Downloads Auf unserer Website bieten wir Datei-Downloads an. Um den Warenkorb-Inhalt zwischenzuspeichern, werden &#8222;Cookies&#8220; verwendet (kleine Textdateien, die durch den Browser auf Ihrem [&hellip;]<\/p>\n","protected":false},"author":1,"featured_media":0,"parent":0,"menu_order":0,"comment_status":"closed","ping_status":"closed","template":"","meta":{"footnotes":""},"class_list":["post-310","page","type-page","status-publish","hentry","post"],"_links":{"self":[{"href":"https:\/\/www.amalfi-wanderweg.de\/it\/wp-json\/wp\/v2\/pages\/310","targetHints":{"allow":["GET"]}}],"collection":[{"href":"https:\/\/www.amalfi-wanderweg.de\/it\/wp-json\/wp\/v2\/pages"}],"about":[{"href":"https:\/\/www.amalfi-wanderweg.de\/it\/wp-json\/wp\/v2\/types\/page"}],"author":[{"embeddable":true,"href":"https:\/\/www.amalfi-wanderweg.de\/it\/wp-json\/wp\/v2\/users\/1"}],"replies":[{"embeddable":true,"href":"https:\/\/www.amalfi-wanderweg.de\/it\/wp-json\/wp\/v2\/comments?post=310"}],"version-history":[{"count":11,"href":"https:\/\/www.amalfi-wanderweg.de\/it\/wp-json\/wp\/v2\/pages\/310\/revisions"}],"predecessor-version":[{"id":63956,"href":"https:\/\/www.amalfi-wanderweg.de\/it\/wp-json\/wp\/v2\/pages\/310\/revisions\/63956"}],"wp:attachment":[{"href":"https:\/\/www.amalfi-wanderweg.de\/it\/wp-json\/wp\/v2\/media?parent=310"}],"curies":[{"name":"parola chiave","href":"https:\/\/api.w.org\/{rel}","templated":true}]}}