{"id":46266,"date":"2020-12-27T12:13:36","date_gmt":"2020-12-27T11:13:36","guid":{"rendered":"https:\/\/www.amalfi-wanderweg.de\/cookie-richtlinie-eu\/"},"modified":"2022-10-26T15:29:32","modified_gmt":"2022-10-26T13:29:32","slug":"politica-de-cookies","status":"publish","type":"page","link":"https:\/\/www.amalfi-wanderweg.de\/es\/cookie-richtlinie\/","title":{"rendered":"Pol\u00edtica de cookies"},"content":{"rendered":"<div id=\"pl-46266\"  class=\"panel-layout\" ><div id=\"pg-46266-0\"  class=\"panel-grid panel-no-style\" ><div id=\"pgc-46266-0-0\"  class=\"panel-grid-cell\" ><div id=\"panel-46266-0-0-0\" class=\"so-panel widget widget_sow-editor panel-first-child\" data-index=\"0\" ><div\n\t\t\t\n\t\t\tclass=\"so-widget-sow-editor so-widget-sow-editor-base\"\n\t\t\t\n\t\t>\n<div class=\"siteorigin-widget-tinymce textwidget\">\n\t\n<!-- Legal document generated by Complianz | GDPR\/CCPA Cookie Consent https:\/\/wordpress.org\/plugins\/complianz-gdpr -->\n<div id=\"cmplz-document\" class=\"cmplz-document cookie-statement cmplz-document-eu\"><p><i>La pol\u00edtica de cookies se actualiza a finales del 19 de junio de 2025 y es una copia de la ciudad y los residentes legales permanentes del Europeo Econ\u00f3mico y Suiza.<\/i><br><\/p><h2>1. Introducci\u00f3n<\/h2><p>nuestra web, <a href=\"https:\/\/www.amalfi-wanderweg.de\/es\">https:\/\/www.amalfi-wanderweg.de\/es<\/a> (en adelante: \u00abla web\u00bb) utilizan cookies y otras tecnolog\u00edas relacionadas (para mayor comodidad, todas las tecnolog\u00edas se denominan \u00abcookies\u00bb). Las cookies tambi\u00e9n incluyen las que se colocan por terceros a los que hemos contratado. En el siguiente documento te informamos sobre el uso de cookies en nuestra web.<\/p><h2>2. \u00bfQu\u00e9 son las galletas?<\/h2><p>Una cookie es un peque\u00f1o archivo que se env\u00eda junto con las p\u00e1ginas de esta web y que tu navegador almacena en el disco duro de su ordenador u otro dispositivo. La informaci\u00f3n oculta puede ser devuelta a nuestros servidores oa los servidores de terceros apropiados durante una visita posterior.<\/p><h2>3. \u00bfQu\u00e9 son los guiones?<\/h2><p>Un script es un fragmento del c\u00f3digo del programa que se puede utilizar para la pr\u00f3xima funci\u00f3n web y la forma correcta de interacci\u00f3n. Este c\u00f3digo se ejecuta en nuestro servidor o en tu dispositivo.<\/p><h2>4. \u00bfQu\u00e9 es una web baliza?<\/h2><p>Una baliza web (o una etiqueta de pixel) es una peque\u00f1a e invisible pieza de texto o imagen en una web que se utiliza para monitorear el tr\u00e1fico en una web. Para ello, se almacenan varios datos sobre usted mediante estas balizas web.<\/p><h2>5.Cookies<\/h2><p class=\"cmplz-subtitle\">5.1 Cookies t\u00e9cnicas y funcionales<\/p><p>Algunas cookies aseguran que ciertas partes de la web funcionen correctamente y que tus preferencias de usuario sigan grab\u00e1ndose. Al colocar cookies funcionales, te facilitamos la visita a nuestra web. De esta manera, no necesita introducir repetidamente la misma informaci\u00f3n cuando visite nuestra web y, por ejemplo, los art\u00edculos permanecer\u00e1n en su cesta de la compra hasta que haya pagado. Podemos colocar estas cookies sin tu consentimiento.<\/p><p class=\"cmplz-subtitle\">5.2 Cookies de marketing\/seguimiento<\/p><p>Las cookies de marketing\/seguimiento son cookies, o cualquier otra forma de almacenamiento local, usadas para crear perfiles de usuario para mostrar publicidad o para hacer el seguimiento del usuario en esta web o en varias webs con fines de marketing similares.<\/p><h2>6. Galletas EE. UU.<\/h2><div id=\"cmplz-cookies-overview\"><details class=\"cmplz-dropdown cmplz-service-desc cmplz-dropdown-cookiepolicy\">\n\t<summary class=\"cmplz-service-header\"><div>\n\t\t<h3>Cumplimiento<\/h3>\n\t\t<p>Funcional<\/p>\n\t\t<label for=\"cmplz_service_complianz\" class=\"cmplz_consent_per_service_label\"><span class=\"screen-reader-text\">Consentimiento para el cumplimiento del servicio<\/span><\/label>\n\t\t<input type=\"checkbox\" id=\"cmplz_service_complianz\" class=\"cmplz-accept-service cmplz-hidden\" data-service=\"complianz\" data-category=\"functional\"><\/div>\n\t<\/summary>\n\t<div class=\"cmplz-service-description\">\n\t\t<h4>uso<\/h4>\n\t\t<p>Usamos el cumplimiento de la gesti\u00f3n del consentimiento de cookies.<\/p>\n\t<\/div>\n\t<div class=\"cmplz-sharing-data\">\n\t\t<h4>Compartir datos<\/h4>\n\t\t<p>No comparten nada con los dem\u00e1s. Para m\u00e1s informaci\u00f3n, por favor, lea la <a target=\"_blank\" rel=\"noopener noreferrer\" href=\"https:\/\/complianz.io\/legal\/privacy-statement\/\">Pol\u00edtica de privacidad de cumplimiento<\/a>.<\/p>\n\t<\/div>\n\t<div class=\"cookies-per-purpose\">\n    <div class=\"purpose\"><h4>Funcional<\/h4><\/div>\n    <div class=\"name-header\">\n\t<h5>nombre<\/h5>\n<\/div>\n<div class=\"name\">cmlz_policy_id<\/div>\n<div class=\"retention-header\">\n\t<h5>caducidad<\/h5>\n<\/div>\n<div class=\"retention\">365 dias<\/div>\n<div class=\"function-header\">\n\t<h5>Funci\u00f3n<\/h5>\n<\/div>\n<div class=\"function\">ID de pol\u00edtica de cookies aceptada de la tienda<\/div>\n<div class=\"name-header\">\n\t<h5>nombre<\/h5>\n<\/div>\n<div class=\"name\">cmlz_banner estado<\/div>\n<div class=\"retention-header\">\n\t<h5>caducidad<\/h5>\n<\/div>\n<div class=\"retention\">365 dias<\/div>\n<div class=\"function-header\">\n\t<h5>Funci\u00f3n<\/h5>\n<\/div>\n<div class=\"function\">Almacenar si el banner de cookies ha sido descartado<\/div>\n<div class=\"name-header\">\n\t<h5>nombre<\/h5>\n<\/div>\n<div class=\"name\">cmlz_marketing<\/div>\n<div class=\"retention-header\">\n\t<h5>caducidad<\/h5>\n<\/div>\n<div class=\"retention\">365 dias<\/div>\n<div class=\"function-header\">\n\t<h5>Funci\u00f3n<\/h5>\n<\/div>\n<div class=\"function\">Almacenar preferencias de consentimiento de cookies<\/div>\n<div class=\"name-header\">\n\t<h5>nombre<\/h5>\n<\/div>\n<div class=\"name\">cmlz_estad\u00edsticas<\/div>\n<div class=\"retention-header\">\n\t<h5>caducidad<\/h5>\n<\/div>\n<div class=\"retention\">365 dias<\/div>\n<div class=\"function-header\">\n\t<h5>Funci\u00f3n<\/h5>\n<\/div>\n<div class=\"function\">Almacenar preferencias de consentimiento de cookies<\/div>\n<div class=\"name-header\">\n\t<h5>nombre<\/h5>\n<\/div>\n<div class=\"name\">cmlz_preferencias<\/div>\n<div class=\"retention-header\">\n\t<h5>caducidad<\/h5>\n<\/div>\n<div class=\"retention\">365 dias<\/div>\n<div class=\"function-header\">\n\t<h5>Funci\u00f3n<\/h5>\n<\/div>\n<div class=\"function\">Almacenar preferencias de consentimiento de cookies<\/div>\n<div class=\"name-header\">\n\t<h5>nombre<\/h5>\n<\/div>\n<div class=\"name\">cmlz_funcional<\/div>\n<div class=\"retention-header\">\n\t<h5>caducidad<\/h5>\n<\/div>\n<div class=\"retention\">365 dias<\/div>\n<div class=\"function-header\">\n\t<h5>Funci\u00f3n<\/h5>\n<\/div>\n<div class=\"function\">Almacenar preferencias de consentimiento de cookies<\/div>\n<div class=\"name-header\">\n\t<h5>nombre<\/h5>\n<\/div>\n<div class=\"name\">cmplz_consented_services<\/div>\n<div class=\"retention-header\">\n\t<h5>caducidad<\/h5>\n<\/div>\n<div class=\"retention\">365 dias<\/div>\n<div class=\"function-header\">\n\t<h5>Funci\u00f3n<\/h5>\n<\/div>\n<div class=\"function\">Almacenar preferencias de consentimiento de cookies<\/div>\n\n<\/div>\n<\/details>\n<details class=\"cmplz-dropdown cmplz-service-desc cmplz-dropdown-cookiepolicy\">\n\t<summary class=\"cmplz-service-header\"><div>\n\t\t<h3>Descargas digitales f\u00e1ciles<\/h3>\n\t\t<p>Funcional<\/p>\n\t\t<label for=\"cmplz_service_easy-digital-downloads\" class=\"cmplz_consent_per_service_label\"><span class=\"screen-reader-text\">Consentimiento para el servicio de descargas digitales f\u00e1ciles<\/span><\/label>\n\t\t<input type=\"checkbox\" id=\"cmplz_service_easy-digital-downloads\" class=\"cmplz-accept-service cmplz-hidden\" data-service=\"easy-digital-downloads\" data-category=\"functional\"><\/div>\n\t<\/summary>\n\t<div class=\"cmplz-service-description\">\n\t\t<h4>uso<\/h4>\n\t\t<p>Usamos Easy Digital Downloads para gesti\u00f3n de la tienda web.<\/p>\n\t<\/div>\n\t<div class=\"cmplz-sharing-data\">\n\t\t<h4>Compartir datos<\/h4>\n\t\t<p>No comparten nada con los dem\u00e1s.<\/p>\n\t<\/div>\n\t<div class=\"cookies-per-purpose\">\n    <div class=\"purpose\"><h4>Funcional<\/h4><\/div>\n    <div class=\"name-header\">\n\t<h5>nombre<\/h5>\n<\/div>\n<div class=\"name\">edd_art\u00edculos_en_el_carrito<\/div>\n<div class=\"retention-header\">\n\t<h5>caducidad<\/h5>\n<\/div>\n<div class=\"retention\">30 minutos<\/div>\n<div class=\"function-header\">\n\t<h5>Funci\u00f3n<\/h5>\n<\/div>\n<div class=\"function\">Guardar art\u00edculos en el carrito de compras.<\/div>\n\n<\/div>\n<\/details>\n<details class=\"cmplz-dropdown cmplz-service-desc cmplz-dropdown-cookiepolicy\">\n\t<summary class=\"cmplz-service-header\"><div>\n\t\t<h3>Varios<\/h3>\n\t\t<p>Prop\u00f3sito pendiente de investigaci\u00f3n<\/p>\n\t\t<label for=\"cmplz_service_varios\" class=\"cmplz_consent_per_service_label\"><span class=\"screen-reader-text\">Consentimiento a variaciones del servicio<\/span><\/label>\n\t\t<input type=\"checkbox\" id=\"cmplz_service_varios\" class=\"cmplz-accept-service cmplz-hidden\" data-service=\"varios\" data-category=\"functional\"><\/div>\n\t<\/summary>\n\t<div class=\"cmplz-service-description\">\n\t\t<h4>uso<\/h4>\n\t\t<p><\/p>\n\t<\/div>\n\t<div class=\"cmplz-sharing-data\">\n\t\t<h4>Compartir datos<\/h4>\n\t\t<p>El intercambio de datos es una pendiente de investigaci\u00f3n<\/p>\n\t<\/div>\n\t<div class=\"cookies-per-purpose\">\n    <div class=\"purpose\"><h4>Prop\u00f3sito pendiente de investigaci\u00f3n<\/h4><\/div>\n    <div class=\"name-header\">\n\t<h5>nombre<\/h5>\n<\/div>\n<div class=\"name\">NFWSESSID<\/div>\n<div class=\"retention-header\">\n\t<h5>caducidad<\/h5>\n<\/div>\n<div class=\"retention\"><\/div>\n<div class=\"function-header\">\n\t<h5>Funci\u00f3n<\/h5>\n<\/div>\n<div class=\"function\"><\/div>\n<div class=\"name-header\">\n\t<h5>nombre<\/h5>\n<\/div>\n<div class=\"name\">secreto a granel<\/div>\n<div class=\"retention-header\">\n\t<h5>caducidad<\/h5>\n<\/div>\n<div class=\"retention\"><\/div>\n<div class=\"function-header\">\n\t<h5>Funci\u00f3n<\/h5>\n<\/div>\n<div class=\"function\"><\/div>\n\n<\/div>\n<\/details>\n<\/div><h2>7. Consentimiento<\/h2><p>Cuando visite nuestra web por primera vez, le mostraremos una ventana emergente con una explicaci\u00f3n sobre las cookies. Pronto como haga clic en \u00abGuardar configuraci\u00f3n\u00bb, acepte que usemos las categor\u00edas de cookies y complementos que ha seleccionado en la ventana emergente, tal y como se describe en esta pol\u00edtica de cookies. Puedes desactivar el uso de cookies a trav\u00e9s de tu navegador, pero, por favor, ten en cuenta que nuestra web puede dejar de funcionar correctamente.<\/p><p class=\"cmplz-subtitle\">7.1 Gestiona tus ajustes de consentimiento<\/p><div id=\"cmplz-manage-consent-container-nojavascript\">Ha aceptado la pol\u00edtica de cookies y es compatible con JavaScript. En AMP, puedes utilizar el bot\u00f3n de control de consentimiento en la parte inferior de la p\u00e1gina.<\/div><div id=\"cmplz-manage-consent-container\" class=\"cmplz-manage-consent-container\"><\/div><h2>8. Activaci\u00f3n\/desactivaci\u00f3n y borrado de cookies<\/h2><p>Puede utilizar el navegador de Internet para eliminar las cookies de forma autom\u00e1tica o manual. Tambi\u00e9n puedes especificar que ciertas cookies no pueden ser colocadas. Otra opci\u00f3n es cambiar los ajustes de tu navegador de Internet para que recibas un mensaje cada vez que se coloca una cookie. Para obtener m\u00e1s informaci\u00f3n sobre estas opciones, consulte las instrucciones de la secci\u00f3n &quot;Ayuda&quot; de su navegador.<\/p><p>Ten en cuenta que nuestra web puede no funcionar correctamente si todas las cookies est\u00e1n desactivadas. Si borras las cookies de tu navegador, se volver\u00e1n a colocar despu\u00e9s de tu consentimiento cuando vuelvas a visitar nuestras webs.<\/p><h2>9. Tus derechos con respecto a los datos personales<\/h2><p>Vincula los siguientes derechos con respecto a tus datos personales:<\/p><ul>\n                    <li>Tiene derecho a saber por qu\u00e9 se necesitan sus datos personales, qu\u00e9 suceder\u00e1 con ellos y durante cu\u00e1nto tiempo se conservar\u00e1n.<\/li>\n                    <li>Derecho de acceso: tienes derecho a acceder a tus datos personales que conocemos.<\/li>\n                    <li>Derecho de rectificaci\u00f3n: tiene derecho a completar, rectificar, borrar o bloquear sus datos personales cuando lo desee.<\/li>\n                    <li>Si nos das tu consentimiento para procesar tus datos, tienes derecho a revocar dicho consentimiento ya que se eliminan tus datos personales.<\/li>\n                    <li>Derecho de cesi\u00f3n de tus datos: tienes derecho a solicitar todos tus datos personales al responsable del tratamiento ya transferirlos \u00edntegramente a otro responsable del tratamiento.<\/li>\n                    <li>Derecho de oposici\u00f3n: puedes oponerte al tratamiento de tus datos. Nosotros cumplimos con esto, a menos que existan motivos justificados para el procesamiento.<\/li>\n                <\/ul><p>Para ejercer estos derechos, por favor, contacta con nosotros. Por favor, consulte los datos de contacto en la parte inferior de la pol\u00edtica de cookies. Si tienes alguna queja sobre c\u00f3mo gestionamos tus datos, nos gustar\u00eda que nos la hicieras saber, pero tambi\u00e9n tienes derecho a enviar una queja a la autoridad supervisora (la autoridad de protecci\u00f3n de datos).<\/p><h2>10. Fechas de contacto<\/h2><p>Para preguntas y\/o comentarios sobre nuestra pol\u00edtica de cookies y esta aclaraci\u00f3n, por favor, contacta con nosotros usando los siguientes datos de contacto:<\/p><p><span class=\"cmplz-contact-organisation\">franco ehlers<\/span><br>\n                      <span class=\"cmplz-contact-address\">calle federal 82<br \/>\r\n20144 Hamburgo<\/span><br>\n                      <span class=\"cmplz-contact-country\">Alemania<\/span><br>\n                      <span class=\"cmplz-contact-domain\">Web: <a href=\"https:\/\/www.amalfi-wanderweg.de\/es\">https:\/\/www.amalfi-wanderweg.de\/es<\/a><\/span><br>\n                      <span class=\"cmplz-contact-email\">Correo electr\u00f3nico: <span class=\"cmplz-obfuscate\">informaci\u00f3n@<span class=\"cmplz-fmail-domain\">ex.com<\/span>w&#097;&#110;&#100;&#101;&#114;n&#100;&#101;lux&#101;&#046;de<\/span><\/span><br>\n                    <span class=\"cmplz-contact-telephone\"><\/span><\/p><p>La pol\u00edtica de cookies est\u00e1 sincronizado con <a href=\"https:\/\/cookiedatabase.org\/\" target=\"_blank\" rel=\"noopener\">cookiedatabase.org<\/a> 28 de abril de 2025.<\/p><\/div>\n<\/div>\n<\/div><\/div><div id=\"panel-46266-0-0-1\" class=\"so-panel widget widget_sow-editor panel-last-child\" data-index=\"1\" ><div\n\t\t\t\n\t\t\tclass=\"so-widget-sow-editor so-widget-sow-editor-base\"\n\t\t\t\n\t\t>\n<div class=\"siteorigin-widget-tinymce textwidget\">\n\t<p>Ha dado su consentimiento a las siguientes categor\u00edas de cookies:<br \/>\n<div id=\"cmplz-manage-consent-container-nojavascript\">Ha aceptado la pol\u00edtica de cookies y es compatible con JavaScript. En AMP, puedes utilizar el bot\u00f3n de control de consentimiento en la parte inferior de la p\u00e1gina.<\/div><div id=\"cmplz-manage-consent-container\" name=\"cmplz-manage-consent-container\" class=\"cmplz-manage-consent-container\"><\/div><br \/>\nPuede revocar o volver a dar su consentimiento en cualquier momento:<br \/>\n<style>.cmplz-status-accepted,.cmplz-status-denied {display: none;}<\/style>\n\t\t\t\t<script>\n\t\t\t\tdocument.addEventListener('cmplz_before_cookiebanner', function(){\n                    if (cmplz_has_consent('marketing')) {\n\t\t\t\t        document.querySelector('.cmplz-status-accepted').style.display = 'block';\n\t\t\t\t        document.querySelector('.cmplz-status-denied').style.display = 'none';\n\t\t\t\t    } else {\n\t\t\t\t\t\tdocument.querySelector('.cmplz-status-accepted').style.display = 'none';\n\t\t\t\t        document.querySelector('.cmplz-status-denied').style.display = 'block';\n\t\t\t\t\t\tdocument.querySelector('.cmplz-revoke-custom').setAttribute('disabled', true);\n\n\t\t\t\t    }\n                    document.addEventListener('click', e => {\n\t\t\t\t\t\tif ( e.target.closest('.cmplz-revoke-custom') ) {\n\t\t\t\t\t\t\tdocument.querySelector('.cmplz-revoke-custom').setAttribute('disabled', true);\n                            cmplz_set_banner_status('dismissed');\n\t\t\t\t\t\t}\n\t\t\t\t\t});\n                    document.addEventListener('click', e => {\n\t\t\t\t\t\tif ( e.target.closest('.cmplz-accept') ) {\n                            document.querySelector('.cmplz-status-accepted').style.display = 'block';\n\t\t\t\t        \tdocument.querySelector('.cmplz-status-denied').style.display = 'none';\n\t\t\t\t\t\t\tdocument.querySelector('.cmplz-revoke-custom').removeAttribute('disabled');\n\t\t\t\t\t\t}\n\t\t\t\t\t});\n\t\t\t\t});\n\t\t\t<\/script><button class=\"cmplz-deny cmplz-revoke-custom\">Revocar consentimiento de cookies<\/button>&nbsp;<span class=\"cmplz-status-accepted\">Estado actual: Aceptado<\/span><span class=\"cmplz-status-denied\">Estado actual: Denegado<\/span><\/p>\n<div class=\"cmplz-custom-accept-btn cmplz-accept\"><a href=\"#\">Otorgar consentimiento de cookies<\/a><\/div>\n<\/div>\n<\/div><\/div><\/div><\/div><\/div>","protected":false},"excerpt":{"rendered":"<p>Ha dado su consentimiento a las siguientes categor\u00edas de cookies: Puede revocar o volver a dar su consentimiento en cualquier momento:<\/p>","protected":false},"author":1,"featured_media":0,"parent":0,"menu_order":0,"comment_status":"closed","ping_status":"closed","template":"","meta":{"footnotes":""},"class_list":["post-46266","page","type-page","status-publish","hentry","post"],"_links":{"self":[{"href":"https:\/\/www.amalfi-wanderweg.de\/es\/wp-json\/wp\/v2\/pages\/46266","targetHints":{"allow":["GET"]}}],"collection":[{"href":"https:\/\/www.amalfi-wanderweg.de\/es\/wp-json\/wp\/v2\/pages"}],"about":[{"href":"https:\/\/www.amalfi-wanderweg.de\/es\/wp-json\/wp\/v2\/types\/page"}],"author":[{"embeddable":true,"href":"https:\/\/www.amalfi-wanderweg.de\/es\/wp-json\/wp\/v2\/users\/1"}],"replies":[{"embeddable":true,"href":"https:\/\/www.amalfi-wanderweg.de\/es\/wp-json\/wp\/v2\/comments?post=46266"}],"version-history":[{"count":8,"href":"https:\/\/www.amalfi-wanderweg.de\/es\/wp-json\/wp\/v2\/pages\/46266\/revisions"}],"predecessor-version":[{"id":46278,"href":"https:\/\/www.amalfi-wanderweg.de\/es\/wp-json\/wp\/v2\/pages\/46266\/revisions\/46278"}],"wp:attachment":[{"href":"https:\/\/www.amalfi-wanderweg.de\/es\/wp-json\/wp\/v2\/media?parent=46266"}],"curies":[{"name":"wp","href":"https:\/\/api.w.org\/{rel}","templated":true}]}}