{"id":310,"date":"2016-06-28T07:58:07","date_gmt":"2016-06-28T05:58:07","guid":{"rendered":"https:\/\/www.amalfi-wanderweg.de\/?page_id=310"},"modified":"2025-04-28T13:44:29","modified_gmt":"2025-04-28T11:44:29","slug":"privacidad","status":"publish","type":"page","link":"https:\/\/www.amalfi-wanderweg.de\/es\/datenschutz\/","title":{"rendered":"Pol\u00edtica de privacidad"},"content":{"rendered":"<div id=\"pl-310\"  class=\"panel-layout\" ><div id=\"pg-310-0\"  class=\"panel-grid panel-no-style\" ><div id=\"pgc-310-0-0\"  class=\"panel-grid-cell\" ><div id=\"panel-310-0-0-0\" class=\"so-panel widget widget_sow-editor panel-first-child\" data-index=\"0\" ><div\n\t\t\t\n\t\t\tclass=\"so-widget-sow-editor so-widget-sow-editor-base\"\n\t\t\t\n\t\t>\n<div class=\"siteorigin-widget-tinymce textwidget\">\n\t<p>Al utilizar nuestro sitio web, los datos personales en el sentido de la Ley Federal de Protecci\u00f3n de Datos de Alemania y el Reglamento General Europeo de Protecci\u00f3n de Datos (EU-GDPR) se recopilan y almacenan de varias maneras. Esto se hace de diferentes maneras dependiendo del \u00e1rea de uso:<\/p>\n<p><strong>Descargas<\/strong><\/p>\n<p>Ofrecemos descargas de archivos en nuestro sitio web. Las &quot;cookies&quot; (peque\u00f1os archivos de texto que el navegador almacena en su computadora) se utilizan para almacenar en cach\u00e9 los contenidos del carrito de compras. En el proceso de pedido posterior, recopilamos su direcci\u00f3n de correo electr\u00f3nico para enviarle los enlaces de descarga deseados una vez por correo electr\u00f3nico. La indicaci\u00f3n de apellido y nombre es opcional. El programa &quot;Easy Digital Downloads&quot; o complemento de WordPress que utilizamos para la descarga de archivos almacena la siguiente informaci\u00f3n en nuestra base de datos: direcci\u00f3n de correo electr\u00f3nico, apellido y nombre (si lo especifica), los archivos de descarga seleccionados (carrito de compras) y el historial de descargas. (un registro de cu\u00e1ndo y con qu\u00e9 frecuencia descarg\u00f3 qu\u00e9 archivos). Este almacenamiento de datos se utiliza para el procesamiento automatizado de sus solicitudes de descarga de archivos y para evaluaciones estad\u00edsticas. Si lo solicita, eliminaremos sus datos personales de nuestra base de datos.<\/p>\n<p><strong>Comentarios<\/strong><\/p>\n<p>Si deja una contribuci\u00f3n o comentario en este sitio web, su nombre, su direcci\u00f3n de correo electr\u00f3nico y, si lo ha ingresado en el formulario, posiblemente tambi\u00e9n su sitio web se almacenar\u00e1 con nosotros. Su direcci\u00f3n de correo electr\u00f3nico no es visible p\u00fablicamente, pero podemos utilizarla para preguntas o respuestas en relaci\u00f3n con su comentario. Si desea que se elimine un comentario que ha ingresado, h\u00e1ganoslo saber por correo electr\u00f3nico.<\/p>\n<p><strong>Suscr\u00edbete a las notificaciones sobre comentarios<\/strong><\/p>\n<p>Independientemente de la opci\u00f3n de dejar comentarios en el sitio web usted mismo, tambi\u00e9n existe la opci\u00f3n de recibir notificaciones por correo electr\u00f3nico sobre nuevos comentarios en una publicaci\u00f3n. En este caso, guardamos tu direcci\u00f3n de correo electr\u00f3nico y la contribuci\u00f3n o contribuciones a las que te gustar\u00eda suscribirte para comentar. Por razones de seguridad, debe confirmar su consentimiento mediante el llamado procedimiento de doble aceptaci\u00f3n. Puede eliminar sus suscripciones a notificaciones en cualquier momento; los enlaces de cancelaci\u00f3n de suscripci\u00f3n correspondientes se incluyen en cada correo electr\u00f3nico de notificaci\u00f3n.<\/p>\n<p><strong>Formulario de contacto \/ Correos electr\u00f3nicos<\/strong><\/p>\n<p>Si se pone en contacto con nosotros a trav\u00e9s del correo electr\u00f3nico o del formulario de contacto con preguntas de cualquier tipo, d\u00e9nos su consentimiento voluntario a efectos de establecer contacto. Esto requiere la especificaci\u00f3n de una direcci\u00f3n de correo electr\u00f3nico v\u00e1lida. Esto se usa para asignar la solicitud y luego para responderla. Proporcionar m\u00e1s datos es opcional. La informaci\u00f3n que proporcione se almacenar\u00e1 con el fin de procesar la solicitud y para posibles preguntas de seguimiento.<\/p>\n<p><strong>Uso de Google Maps<\/strong><\/p>\n<p>Este sitio web utiliza la API de Google Maps para mostrar visualmente informaci\u00f3n geogr\u00e1fica. Al utilizar Google Maps, Google tambi\u00e9n recopila, procesa y utiliza datos sobre el uso de las funciones del mapa por parte de los visitantes. Puede encontrar m\u00e1s informaci\u00f3n sobre el procesamiento de datos por parte de Google <a href=\"http:\/\/www.google.com\/privacypolicy.html\" target=\"_blank\" rel=\"noopener\">la pol\u00edtica de privacidad de Google<\/a> retirar. All\u00ed tambi\u00e9n puede cambiar la configuraci\u00f3n de protecci\u00f3n de datos personales en el centro de protecci\u00f3n de datos.<\/p>\n<p>Instrucciones detalladas sobre c\u00f3mo administrar sus propios datos en relaci\u00f3n con los productos de Google<a href=\"http:\/\/www.dataliberation.org\/\" target=\"_blank\" rel=\"noopener\"> usted encontrar\u00e1 aqu\u00ed<\/a>.<\/p>\n<p><strong>Ubicaci\u00f3n \/ geoubicaci\u00f3n<\/strong><\/p>\n<p>Con los mapas basados en OpenStreetMap integrados en nuestro sitio web, ofrecemos opcionalmente la opci\u00f3n de mostrar su propia ubicaci\u00f3n en el mapa. Esta es una funcionalidad del llamado est\u00e1ndar HTML 5. Antes de que se soliciten los datos de su ubicaci\u00f3n, su navegador le pedir\u00e1 su consentimiento expl\u00edcito. No evaluamos su ubicaci\u00f3n transmitida de esta manera. La determinaci\u00f3n de la ubicaci\u00f3n solo sirve para mostrarle la secci\u00f3n del mapa alrededor de su posici\u00f3n actual.<\/p>\n<\/div>\n<\/div><\/div><div id=\"panel-310-0-0-1\" class=\"so-panel widget widget_sow-editor\" data-index=\"1\" ><div\n\t\t\t\n\t\t\tclass=\"so-widget-sow-editor so-widget-sow-editor-base\"\n\t\t\t\n\t\t>\n<div class=\"siteorigin-widget-tinymce textwidget\">\n\t<p><strong>Participaci\u00f3n en programas de socios afiliados<\/strong><\/p>\n<p><span class=\"ts-muster-content\">Dentro de nuestra oferta en l\u00ednea, utilizamos medidas de seguimiento que son habituales en la industria sobre la base de nuestros intereses leg\u00edtimos (es decir, inter\u00e9s en el an\u00e1lisis, optimizaci\u00f3n y operaci\u00f3n econ\u00f3mica de nuestra oferta en l\u00ednea) de acuerdo con el Art\u00edculo 6 P\u00e1rrafo 1 lit. A continuaci\u00f3n, explicamos los antecedentes t\u00e9cnicos a los usuarios.<\/span><\/p>\n<p>Los servicios ofrecidos por nuestros socios contractuales tambi\u00e9n se pueden anunciar y enlazar en otros sitios web (los llamados enlaces de afiliados o sistemas de compra posterior, si, por ejemplo, se ofrecen enlaces o servicios de terceros despu\u00e9s de que se haya celebrado un contrato). Los operadores de los respectivos sitios web reciben una comisi\u00f3n si los usuarios siguen los enlaces de afiliados y luego aprovechan las ofertas.<\/p>\n<p>En resumen, es necesario para nuestra oferta en l\u00ednea que podamos rastrear si los usuarios que est\u00e1n interesados en los enlaces de afiliados y\/o las ofertas disponibles de nosotros perciben posteriormente las ofertas a instancias de los enlaces de afiliados o de nuestra plataforma en l\u00ednea. Para este prop\u00f3sito, los enlaces de afiliados y nuestras ofertas se complementan con ciertos valores que se pueden configurar como parte del enlace o de otra manera, por ejemplo, en una cookie. Los valores incluyen, en particular, el sitio web de origen (remitente), el tiempo, una identificaci\u00f3n en l\u00ednea del operador del sitio web en el que se encuentra el enlace de afiliado, una identificaci\u00f3n en l\u00ednea de la oferta respectiva, una identificaci\u00f3n en l\u00ednea del usuario, as\u00ed como como el seguimiento de valores espec\u00edficos como ID de medios publicitarios, ID de socios y categorizaciones.<\/p>\n<p>Los ID de usuario en l\u00ednea que utilizamos son valores seud\u00f3nimos. Esto significa que las identificaciones en l\u00ednea en s\u00ed mismas no contienen ning\u00fan dato personal, como nombres o direcciones de correo electr\u00f3nico. Solo nos ayudan a determinar si el mismo usuario que hizo clic en un enlace de afiliado o estaba interesado en una oferta a trav\u00e9s de nuestra oferta en l\u00ednea se ha beneficiado de la oferta, es decir, ha celebrado un contrato con el proveedor, por ejemplo. Sin embargo, el identificador en l\u00ednea es personal en la medida en que la empresa asociada y tambi\u00e9n nosotros tenemos el identificador en l\u00ednea junto con otros datos del usuario. Esta es la \u00fanica forma en que la empresa asociada puede decirnos si el usuario ha aprovechado la oferta y si podemos, por ejemplo, recibir la bonificaci\u00f3n.<\/p>\n<p><strong>Programa de afiliados de Booking.com<\/strong><\/p>\n<p><span class=\"ts-muster-content\">Sobre la base de nuestros intereses leg\u00edtimos (es decir, inter\u00e9s en la operaci\u00f3n econ\u00f3mica de nuestra oferta en l\u00ednea en el sentido del Art. 6 P\u00e1rr. 1 lit. f. RGPD), participamos en el programa de socios de Booking.com, que fue dise\u00f1ado para proporcionar un medio para los sitios web a trav\u00e9s del cual se puede obtener un reembolso por publicidad al colocar anuncios y enlaces a Booking.com (el llamado sistema de afiliados). Booking.com utiliza cookies para rastrear el origen de las reservas. Entre otras cosas, Booking.com puede reconocer que ha hecho clic en el enlace de socio en este sitio web y luego ha realizado una reserva con Booking.com.<\/span><\/p>\n<p>Para obtener m\u00e1s informaci\u00f3n sobre c\u00f3mo Booking.com usa los datos y c\u00f3mo puedes oponerte, consulta la pol\u00edtica de privacidad de la empresa: <a href=\"https:\/\/www.booking.com\/content\/privacy.de.html\" target=\"_blank\" rel=\"noopener\">https:\/\/www.booking.com\/content\/privacy.de.html<\/a>.<\/p>\n<p><strong>Programa de afiliados de Amazon<\/strong><\/p>\n<p><span class=\"ts-muster-content\">Sobre la base de nuestros intereses leg\u00edtimos (es decir, inter\u00e9s en la operaci\u00f3n econ\u00f3mica de nuestra oferta en l\u00ednea en el sentido del Art. 6 P\u00e1rr. 1 lit. f. GDPR), participamos en el programa de socios de Amazon EU, que fue dise\u00f1ado para proporcionar un medio para sitios web a trav\u00e9s del cual se puede ganar la colocaci\u00f3n de anuncios y enlaces a Amazon.de reembolso de publicidad (el llamado sistema de afiliados). Esto significa que, como socio de Amazon, ganamos con las compras que califican.<\/span><\/p>\n<p>Amazon utiliza cookies para poder rastrear el origen de los pedidos. Entre otras cosas, Amazon puede reconocer que hizo clic en el enlace de socio en este sitio web y luego compr\u00f3 un producto de Amazon.<\/p>\n<p>Puede encontrar m\u00e1s informaci\u00f3n sobre el uso de datos por parte de Amazon y la posibilidad de oposici\u00f3n en la declaraci\u00f3n de protecci\u00f3n de datos de la empresa: <a href=\"https:\/\/www.amazon.de\/gp\/help\/customer\/display.html?nodeId=201909010\" target=\"_blank\" rel=\"noopener\">https:\/\/www.amazon.de\/gp\/help\/customer\/display.html?nodeId=201909010<\/a>.<\/p>\n<p>Nota: Amazon y el logotipo de Amazon son marcas comerciales de Amazon.com, Inc. o una de sus filiales.<\/p>\n<\/div>\n<\/div><\/div><div id=\"panel-310-0-0-2\" class=\"so-panel widget widget_sow-editor\" data-index=\"2\" ><div\n\t\t\t\n\t\t\tclass=\"so-widget-sow-editor so-widget-sow-editor-base\"\n\t\t\t\n\t\t>\n<div class=\"siteorigin-widget-tinymce textwidget\">\n\t<p><strong>galletas<\/strong><\/p>\n<p>Este sitio utiliza cookies. Estos son peque\u00f1os archivos de texto que se almacenan en su dispositivo final. Su navegador accede a estos archivos. El uso de cookies aumenta la facilidad de uso y la seguridad de este sitio web. Tambi\u00e9n utilizamos cookies en relaci\u00f3n con Google Analytics. Los navegadores comunes ofrecen la opci\u00f3n de configuraci\u00f3n para no permitir cookies. Nota: No hay garant\u00eda de que pueda acceder a todas las funciones de este sitio web sin restricciones si realiza la configuraci\u00f3n adecuada.<\/p>\n<p><strong>Archivos de registro del servidor\/datos de acceso<\/strong><\/p>\n<p>Nosotros o nuestro proveedor del sitio recopilamos datos sobre el acceso al sitio y los guardamos como &quot;archivos de registro del servidor&quot;. Los siguientes datos se registran de esta manera:<br \/>\n- Sitio web visitado<br \/>\n- Hora en el momento del acceso<br \/>\n- Cantidad de datos enviados en bytes<br \/>\n- Fuente\/referencia desde la que llegaste a la p\u00e1gina<br \/>\n- Navegador utilizado<br \/>\n- Sistema operativo utilizado<br \/>\n- Direcci\u00f3n IP utilizada de forma an\u00f3nima<br \/>\nLos datos recopilados solo se utilizan para evaluaciones estad\u00edsticas y para mejorar el sitio web y se eliminan autom\u00e1ticamente despu\u00e9s de 7 d\u00edas.<\/p>\n<p><strong>Cambiar a nuestra pol\u00edtica de privacidad<\/strong><\/p>\n<p>Nos reservamos el derecho de adaptar esta declaraci\u00f3n de protecci\u00f3n de datos para que siempre corresponda a los requisitos legales vigentes o de implementar cambios en nuestros servicios en la declaraci\u00f3n de protecci\u00f3n de datos, por ejemplo, al introducir nuevos servicios. La nueva declaraci\u00f3n de protecci\u00f3n de datos se aplicar\u00e1 a su pr\u00f3xima visita.<\/p>\n<p><strong>Derechos de los usuarios: informaci\u00f3n, rectificaci\u00f3n y supresi\u00f3n<\/strong><\/p>\n<p>Previa solicitud, usted como usuario recibir\u00e1 informaci\u00f3n gratuita sobre qu\u00e9 datos personales se han almacenado sobre usted. Si su solicitud no entra en conflicto con una obligaci\u00f3n legal de almacenar datos (por ejemplo, retenci\u00f3n de datos), tiene derecho a que se corrijan los datos incorrectos y a que se bloqueen o eliminen sus datos personales.<\/p>\n<\/div>\n<\/div><\/div><div id=\"panel-310-0-0-3\" class=\"so-panel widget widget_sow-editor panel-last-child\" data-index=\"3\" ><div\n\t\t\t\n\t\t\tclass=\"so-widget-sow-editor so-widget-sow-editor-base\"\n\t\t\t\n\t\t>\n<div class=\"siteorigin-widget-tinymce textwidget\">\n\t<p><a class=\"dsg1-6\" href=\"https:\/\/datenschutz-generator.de\" target=\"_blank\" rel=\"nofollow noopener\">Creado con Datenschutz-Generator.de por RA Dr. Tomas Schwenke<\/a> y personalizado por el propietario del sitio.<\/p>\n<p><strong>Otras fuentes utilizadas:<\/strong><\/p>\n<p><a href=\"http:\/\/www.datenschutzbeauftragter-info.de\" target=\"_blank\" rel=\"noopener\">www.datenschutzbeauftragter-info.de<\/a><a href=\"http:\/\/datenschutz.org\" target=\"_blank\" rel=\"noopener\">,\u00a0<\/a><a href=\"http:\/\/datenschutz.org\" target=\"_blank\" rel=\"noopener\">datenschutz.org<\/a><a href=\"http:\/\/datenschutz.org\" target=\"_blank\" rel=\"noopener\">, <\/a><a href=\"https:\/\/www.activemind.de\/datenschutz\/datenschutzhinweis-generator\/\" target=\"_blank\" rel=\"noopener\"><em>Generador de declaraci\u00f3n de protecci\u00f3n de datos de activeMind AG<\/em><\/a><\/p>\n<\/div>\n<\/div><\/div><\/div><\/div><\/div>","protected":false},"excerpt":{"rendered":"<p>Bei der Nutzung unserer Website werden auf verschiedene Weise personenbezogene Daten im Sinne des deutschen Bundesdatenschutzgesetzes bzw. der europ\u00e4ischen Datenschutzgrundverordnung (EU-DSGVO) erhoben und gespeichert. Dies geschieht je nach Nutzungsbereich auf unterschiedliche Weise: Downloads Auf unserer Website bieten wir Datei-Downloads an. Um den Warenkorb-Inhalt zwischenzuspeichern, werden &#8222;Cookies&#8220; verwendet (kleine Textdateien, die durch den Browser auf Ihrem [&hellip;]<\/p>\n","protected":false},"author":1,"featured_media":0,"parent":0,"menu_order":0,"comment_status":"closed","ping_status":"closed","template":"","meta":{"footnotes":""},"class_list":["post-310","page","type-page","status-publish","hentry","post"],"_links":{"self":[{"href":"https:\/\/www.amalfi-wanderweg.de\/es\/wp-json\/wp\/v2\/pages\/310","targetHints":{"allow":["GET"]}}],"collection":[{"href":"https:\/\/www.amalfi-wanderweg.de\/es\/wp-json\/wp\/v2\/pages"}],"about":[{"href":"https:\/\/www.amalfi-wanderweg.de\/es\/wp-json\/wp\/v2\/types\/page"}],"author":[{"embeddable":true,"href":"https:\/\/www.amalfi-wanderweg.de\/es\/wp-json\/wp\/v2\/users\/1"}],"replies":[{"embeddable":true,"href":"https:\/\/www.amalfi-wanderweg.de\/es\/wp-json\/wp\/v2\/comments?post=310"}],"version-history":[{"count":11,"href":"https:\/\/www.amalfi-wanderweg.de\/es\/wp-json\/wp\/v2\/pages\/310\/revisions"}],"predecessor-version":[{"id":63956,"href":"https:\/\/www.amalfi-wanderweg.de\/es\/wp-json\/wp\/v2\/pages\/310\/revisions\/63956"}],"wp:attachment":[{"href":"https:\/\/www.amalfi-wanderweg.de\/es\/wp-json\/wp\/v2\/media?parent=310"}],"curies":[{"name":"wp","href":"https:\/\/api.w.org\/{rel}","templated":true}]}}