{"id":10,"date":"2016-06-06T13:05:20","date_gmt":"2016-06-06T13:05:20","guid":{"rendered":"http:\/\/amalfi-wanderweg.de\/?page_id=10"},"modified":"2023-09-10T10:06:05","modified_gmt":"2023-09-10T08:06:05","slug":"pagina-de-inicio","status":"publish","type":"page","link":"https:\/\/www.amalfi-wanderweg.de\/es\/","title":{"rendered":"P\u00e1gina web"},"content":{"rendered":"<div id=\"pl-10\"  class=\"panel-layout\" ><div id=\"pg-10-0\"  class=\"panel-grid panel-no-style\" ><div id=\"pgc-10-0-0\"  class=\"panel-grid-cell\" ><div id=\"panel-10-0-0-0\" class=\"so-panel widget widget_text panel-first-child panel-last-child\" data-index=\"0\" ><h3 class=\"widget-title\">De Salerno a Sorrento: \u00a1toda la Costa Amalfitana a pie!<\/h3>\t\t\t<div class=\"textwidget\"><p>La Costa de Amalfi es uno de los paisajes costeros m\u00e1s espectaculares del mundo y un verdadero para\u00edso para los excursionistas. Resulta a\u00fan m\u00e1s sorprendente que el turismo de senderismo se limite en la actualidad casi exclusivamente a un corto tramo, el \"Sentiero degli Dei\" (Sendero de los Dioses).<\/p>\n<p>Para los excursionistas con afinidad por la altura, todav\u00eda hay mucho que descubrir fuera del \"Sentiero degli Dei\": \u00a1grandes partes de la ruta de senderismo de la Costa de Amalfi descrita aqu\u00ed se caracterizan por la soledad, la naturaleza y la tranquilidad! Caminos y escaleras empinadas con vistas al mar azul profundo y peque\u00f1os pueblos con torres de iglesias muy pintorescas se alternan con caminos llanos a trav\u00e9s de vi\u00f1edos, olivares y plantaciones de lim\u00f3n. Lo m\u00e1s destacado son las vistas de las islas y monta\u00f1as circundantes: dependiendo de la etapa, se puede ver el Vesubio, el Golfo de N\u00e1poles o la isla de Capri si hace buen tiempo.<\/p>\n<p>La ruta de senderismo que aqu\u00ed se describe conduce en seis etapas diarias bastante extenuantes desde Salerno, en el este, hasta Sorrento, en el oeste de la Costa Amalfitana, y discurre en gran parte por la ruta de senderismo CAI 300 o por sus numerosos senderos laterales, que tambi\u00e9n tienen n\u00fameros CAI del orden de 300. Las rutas de senderismo son mantenidas por el Club Alpino Italiano \"CAI\" y est\u00e1n marcadas en rojo y blanco.<\/p>\n<\/div>\n\t\t<\/div><\/div><div id=\"pgc-10-0-1\"  class=\"panel-grid-cell\" ><div id=\"panel-10-0-1-0\" class=\"so-panel widget widget_sow-image panel-first-child panel-last-child\" data-index=\"1\" ><div\n\t\t\t\n\t\t\tclass=\"so-widget-sow-image so-widget-sow-image-default-dbf295114b96-10\"\n\t\t\t\n\t\t>\n<div class=\"sow-image-container\">\n\t\t\t<a href=\"https:\/\/www.amalfi-wanderweg.de\/wp-content\/uploads\/2016\/06\/Amalfiwanderweg-alta-via-CAI300.jpg\"\n\t\t\t\t\t>\n\t\t\t<img \n\tsrc=\"https:\/\/www.amalfi-wanderweg.de\/wp-content\/uploads\/2016\/06\/Amalfiwanderweg-alta-via-CAI300.jpg\" width=\"1200\" height=\"616\" srcset=\"https:\/\/www.amalfi-wanderweg.de\/wp-content\/uploads\/2016\/06\/Amalfiwanderweg-alta-via-CAI300.jpg 1200w, https:\/\/www.amalfi-wanderweg.de\/wp-content\/uploads\/2016\/06\/Amalfiwanderweg-alta-via-CAI300-300x154.jpg 300w, https:\/\/www.amalfi-wanderweg.de\/wp-content\/uploads\/2016\/06\/Amalfiwanderweg-alta-via-CAI300-768x394.jpg 768w, https:\/\/www.amalfi-wanderweg.de\/wp-content\/uploads\/2016\/06\/Amalfiwanderweg-alta-via-CAI300-1024x526.jpg 1024w\" sizes=\"(max-width: 1200px) 100vw, 1200px\" title=\"La caminata transcurre directamente por la CAI-300 o por senderos paralelos.\" alt=\"Ruta de senderismo de Amalfi - alta v\u00eda CAI300\" \t\tclass=\"so-widget-image\"\/>\n\t\t\t<\/a><\/div>\n\n<h3 class=\"widget-title\">La caminata transcurre directamente por la CAI-300 o por senderos paralelos.<\/h3><\/div><\/div><\/div><\/div><div id=\"pg-10-1\"  class=\"panel-grid panel-no-style\" ><div id=\"pgc-10-1-0\"  class=\"panel-grid-cell\" ><div id=\"panel-10-1-0-0\" class=\"so-panel widget widget_sow-image panel-first-child panel-last-child\" data-index=\"2\" ><div\n\t\t\t\n\t\t\tclass=\"so-widget-sow-image so-widget-sow-image-default-dbf295114b96-10\"\n\t\t\t\n\t\t>\n<div class=\"sow-image-container\">\n\t\t\t<a href=\"https:\/\/www.amalfi-wanderweg.de\/wp-content\/uploads\/Amalfik\u00fcste-Wandern-auf-dem-CAI-300-rot-wei\u00dfe-Markierungen-weisen-den-Weg.jpg\"\n\t\t\t\t\t>\n\t\t\t<img loading=\"lazy\" decoding=\"async\" src=\"https:\/\/www.amalfi-wanderweg.de\/wp-content\/uploads\/Amalfik\u00fcste-Wandern-auf-dem-CAI-300-rot-wei\u00dfe-Markierungen-weisen-den-Weg.jpg\" width=\"800\" height=\"600\" srcset=\"https:\/\/www.amalfi-wanderweg.de\/wp-content\/uploads\/Amalfik\u00fcste-Wandern-auf-dem-CAI-300-rot-wei\u00dfe-Markierungen-weisen-den-Weg.jpg 800w, https:\/\/www.amalfi-wanderweg.de\/wp-content\/uploads\/Amalfik\u00fcste-Wandern-auf-dem-CAI-300-rot-wei\u00dfe-Markierungen-weisen-den-Weg-150x113.jpg 150w, https:\/\/www.amalfi-wanderweg.de\/wp-content\/uploads\/Amalfik\u00fcste-Wandern-auf-dem-CAI-300-rot-wei\u00dfe-Markierungen-weisen-den-Weg-300x225.jpg 300w, https:\/\/www.amalfi-wanderweg.de\/wp-content\/uploads\/Amalfik\u00fcste-Wandern-auf-dem-CAI-300-rot-wei\u00dfe-Markierungen-weisen-den-Weg-600x450.jpg 600w\" sizes=\"auto, (max-width: 800px) 100vw, 800px\" title=\"Senderismo en el CAI 300: \u00a1el camino no siempre est\u00e1 tan bien marcado como aqu\u00ed!\" alt=\"\" class=\"so-widget-image\">\n\t\t\t<\/a><\/div>\n\n<h3 class=\"widget-title\">Senderismo en el CAI 300: \u00a1el camino no siempre est\u00e1 tan bien marcado como aqu\u00ed!<\/h3><\/div><\/div><\/div><div id=\"pgc-10-1-1\"  class=\"panel-grid-cell\" ><div id=\"panel-10-1-1-0\" class=\"so-panel widget widget_sow-editor panel-first-child\" data-index=\"3\" ><div\n\t\t\t\n\t\t\tclass=\"so-widget-sow-editor so-widget-sow-editor-base\"\n\t\t\t\n\t\t><h3 class=\"widget-title\">Muchos metros de altura, poco equipaje y \"Dolce Vita\" cada noche<\/h3>\n<div class=\"siteorigin-widget-tinymce textwidget\">\n\t<p>Nos encantan las vacaciones de senderismo con mucha altitud, poco equipaje y un bonito alojamiento.<br \/>\nY para esto \u00faltimo, la Costa de Amalfi, con sus numerosas y a veces muy cari\u00f1osas casas de hu\u00e9spedes y bed &amp; breakfast, es casi ideal. Hicimos la ruta en mayo de 2016 y quedamos encantados.<\/p>\n<p>Despu\u00e9s de que hace unos a\u00f1os recibi\u00e9ramos tantos comentarios positivos sobre una propuesta de senderismo que hab\u00edamos preparado en La Gomera (<a href=\"https:\/\/www.rundwanderung-lagomera.de\" target=\"_blank\" rel=\"noopener\">www.rundwanderung-lagomera.de<\/a>), tambi\u00e9n hemos creado una p\u00e1gina web, que esperamos sea informativa, para esta ruta de senderismo por la Costa de Amalfi.<\/p>\n<p>\u00a1Que te diviertas volviendo a hacer senderismo!<\/p>\n<p><strong>Frank<\/strong><\/p>\n<\/div>\n<\/div><\/div><div id=\"panel-10-1-1-1\" class=\"so-panel widget widget_sow-image panel-last-child\" data-index=\"4\" ><div\n\t\t\t\n\t\t\tclass=\"so-widget-sow-image so-widget-sow-image-default-9a1bae7b43a8-10\"\n\t\t\t\n\t\t>\n<div class=\"sow-image-container\">\n\t\t<img loading=\"lazy\" decoding=\"async\" src=\"https:\/\/www.amalfi-wanderweg.de\/wp-content\/uploads\/Profil-Frank-2020-150x150.jpg\" width=\"150\" height=\"150\" srcset=\"https:\/\/www.amalfi-wanderweg.de\/wp-content\/uploads\/Profil-Frank-2020-150x150.jpg 150w, https:\/\/www.amalfi-wanderweg.de\/wp-content\/uploads\/Profil-Frank-2020-300x300.jpg 300w, https:\/\/www.amalfi-wanderweg.de\/wp-content\/uploads\/Profil-Frank-2020.jpg 696w\" sizes=\"auto, (max-width: 150px) 100vw, 150px\" alt=\"\" class=\"so-widget-image\">\n\t<\/div>\n\n<h3 class=\"widget-title\"><\/h3><\/div><\/div><\/div><\/div><div id=\"pg-10-2\"  class=\"panel-grid panel-no-style\" ><div id=\"pgc-10-2-0\"  class=\"panel-grid-cell panel-grid-cell-mobile-last\" ><div id=\"panel-10-2-0-0\" class=\"so-panel widget widget_sow-image panel-first-child\" data-index=\"5\" ><div\n\t\t\t\n\t\t\tclass=\"so-widget-sow-image so-widget-sow-image-default-8b5b6f678277-10\"\n\t\t\t\n\t\t>\n<div class=\"sow-image-container\">\n\t\t\t<a href=\"https:\/\/www.amalfi-wanderweg.de\/wp-content\/uploads\/wundersch\u00f6ne-Pflanzenwelt-an-der-Amalfik\u00fcste.jpg\">\n\t\t\t<img loading=\"lazy\" decoding=\"async\" src=\"https:\/\/www.amalfi-wanderweg.de\/wp-content\/uploads\/wundersch\u00f6ne-Pflanzenwelt-an-der-Amalfik\u00fcste.jpg\" width=\"1200\" height=\"392\" srcset=\"https:\/\/www.amalfi-wanderweg.de\/wp-content\/uploads\/wundersch\u00f6ne-Pflanzenwelt-an-der-Amalfik\u00fcste.jpg 1200w, https:\/\/www.amalfi-wanderweg.de\/wp-content\/uploads\/wundersch\u00f6ne-Pflanzenwelt-an-der-Amalfik\u00fcste-150x49.jpg 150w, https:\/\/www.amalfi-wanderweg.de\/wp-content\/uploads\/wundersch\u00f6ne-Pflanzenwelt-an-der-Amalfik\u00fcste-300x98.jpg 300w, https:\/\/www.amalfi-wanderweg.de\/wp-content\/uploads\/wundersch\u00f6ne-Pflanzenwelt-an-der-Amalfik\u00fcste-1024x335.jpg 1024w, https:\/\/www.amalfi-wanderweg.de\/wp-content\/uploads\/wundersch\u00f6ne-Pflanzenwelt-an-der-Amalfik\u00fcste-800x261.jpg 800w, https:\/\/www.amalfi-wanderweg.de\/wp-content\/uploads\/wundersch\u00f6ne-Pflanzenwelt-an-der-Amalfik\u00fcste-600x196.jpg 600w\" sizes=\"auto, (max-width: 1200px) 100vw, 1200px\" title=\"La hermosa flora de la Costa de Amalfi\" alt=\"\" class=\"so-widget-image\">\n\t\t\t<\/a><\/div>\n\n<h3 class=\"widget-title\">La hermosa flora de la Costa de Amalfi<\/h3><\/div><\/div><div id=\"panel-10-2-0-1\" class=\"so-panel widget widget_sow-editor panel-last-child\" data-index=\"6\" ><div\n\t\t\t\n\t\t\tclass=\"so-widget-sow-editor so-widget-sow-editor-base\"\n\t\t\t\n\t\t><h3 class=\"widget-title\">La ruta de senderismo de gran recorrido en la prensa | Mapas de senderismo en PDF en www.wanderndeluxe.de<\/h3>\n<div class=\"siteorigin-widget-tinymce textwidget\">\n\t<p><strong>Noticias:<\/strong><\/p>\n<p>La ruta de senderismo de largo recorrido de Amalfi en la prensa: <a href=\"https:\/\/www.amalfi-wanderweg.de\/es\/informes-de-prensa\/\">amalfi-wanderweg.de\/press-reports\/<\/a><\/p>\n<p><a href=\"https:\/\/www.wanderndeluxe.de\/\" target=\"_blank\" rel=\"noopener\">www.wanderndeluxe.de<\/a>: All\u00ed encontrar\u00e1 m\u00e1s excursiones de larga distancia por el Mediterr\u00e1neo y una tienda de mapas de senderismo en PDF para imprimir usted mismo y algunos libros electr\u00f3nicos (<a href=\"https:\/\/www.wanderndeluxe.de\/shop\/\" target=\"_blank\" rel=\"noopener\">www.wanderndeluxe.de\/shop\/<\/a>).<\/p>\n<p>&nbsp;<\/p>\n<\/div>\n<\/div><\/div><\/div><div id=\"pgc-10-2-1\"  class=\"panel-grid-cell panel-grid-cell-empty\" ><\/div><\/div><\/div>","protected":false},"excerpt":{"rendered":"<p>Die Amalfik\u00fcste geh\u00f6rt zu den spektakul\u00e4rsten K\u00fcstenlandschaften der Welt und ist ein wahres Wanderparadies! Um so \u00fcberraschender ist es, dass sich der Wandertourismus zur Zeit fast ausschlie\u00dflich auf ein kurzes Teilst\u00fcck beschr\u00e4nkt, den &#8222;Sentiero degli Dei&#8220; (Pfad der G\u00f6tter). F\u00fcr H\u00f6henmeter-affine Genu\u00dfwanderer gibt es also abseits des &#8222;Sentiero degli Dei&#8220; noch einiges zu entdecken: gro\u00dfe [&hellip;]<\/p>\n","protected":false},"author":1,"featured_media":0,"parent":0,"menu_order":0,"comment_status":"closed","ping_status":"closed","template":"home-panels.php","meta":{"footnotes":""},"class_list":["post-10","page","type-page","status-publish","hentry","post"],"_links":{"self":[{"href":"https:\/\/www.amalfi-wanderweg.de\/es\/wp-json\/wp\/v2\/pages\/10","targetHints":{"allow":["GET"]}}],"collection":[{"href":"https:\/\/www.amalfi-wanderweg.de\/es\/wp-json\/wp\/v2\/pages"}],"about":[{"href":"https:\/\/www.amalfi-wanderweg.de\/es\/wp-json\/wp\/v2\/types\/page"}],"author":[{"embeddable":true,"href":"https:\/\/www.amalfi-wanderweg.de\/es\/wp-json\/wp\/v2\/users\/1"}],"replies":[{"embeddable":true,"href":"https:\/\/www.amalfi-wanderweg.de\/es\/wp-json\/wp\/v2\/comments?post=10"}],"version-history":[{"count":17,"href":"https:\/\/www.amalfi-wanderweg.de\/es\/wp-json\/wp\/v2\/pages\/10\/revisions"}],"predecessor-version":[{"id":63791,"href":"https:\/\/www.amalfi-wanderweg.de\/es\/wp-json\/wp\/v2\/pages\/10\/revisions\/63791"}],"wp:attachment":[{"href":"https:\/\/www.amalfi-wanderweg.de\/es\/wp-json\/wp\/v2\/media?parent=10"}],"curies":[{"name":"wp","href":"https:\/\/api.w.org\/{rel}","templated":true}]}}