{"id":1638,"date":"2017-05-01T15:03:51","date_gmt":"2017-05-01T13:03:51","guid":{"rendered":"https:\/\/www.amalfi-wanderweg.de\/?page_id=1638"},"modified":"2019-12-16T10:50:59","modified_gmt":"2019-12-16T09:50:59","slug":"about-us","status":"publish","type":"page","link":"https:\/\/www.amalfi-wanderweg.de\/en\/ueber-uns\/","title":{"rendered":"About us"},"content":{"rendered":"<div id=\"pl-1638\"  class=\"panel-layout\" ><div id=\"pg-1638-0\"  class=\"panel-grid panel-no-style\" ><div id=\"pgc-1638-0-0\"  class=\"panel-grid-cell\" ><div id=\"panel-1638-0-0-0\" class=\"so-panel widget widget_sow-editor panel-first-child panel-last-child\" data-index=\"0\" ><div\n\t\t\t\n\t\t\tclass=\"so-widget-sow-editor so-widget-sow-editor-base\"\n\t\t\t\n\t\t>\n<div class=\"siteorigin-widget-tinymce textwidget\">\n\t<p>We are enthusiastic long-distance hikers and love being out in nature for a few days on holiday with just our backpacks! For several years, we have also been fascinated by the rather unknown, Mediterranean long-distance hiking trails.<\/p>\n<p>The combination of mountains and sea and the opportunity to stay in beautiful and mostly very individual accommodation is always a reason for us to dream of our next hiking holiday!<\/p>\n<p>However, the research effort before the holiday was often quite large and we were sometimes really surprised that some hiking trails are excellently laid out and well signposted on site, but at the same time remained totally unknown on the net.<\/p>\n<p>The outdoor and hiking book publishers also seem to largely ignore the Mediterranean long-distance hiking trails we love so much: Hiking trails with six to ten stages are probably too short to fill an entire book. And the potential target group is of course smaller than with hiking books, which are primarily aimed at day trippers.<\/p>\n<p>So at some point we started documenting one of our hiking holidays online to make ourselves better known. The large amount of positive feedback has spurred us on to pursue this idea further - and so a number of other online hiking guides have been created in the meantime! You can find an up-to-date overview of our hiking projects at<\/p>\n<p><a href=\"https:\/\/www.wanderndeluxe.de\/fernwanderwege\/\" target=\"_blank\" rel=\"noopener\">www.wanderndeluxe.de\/fernwanderwege\/<\/a><\/p>\n<p>We look forward to sharing our enthusiasm for hiking with you!<\/p>\n<\/div>\n<\/div><\/div><\/div><div id=\"pgc-1638-0-1\"  class=\"panel-grid-cell\" ><div id=\"panel-1638-0-1-0\" class=\"so-panel widget widget_sow-image panel-first-child panel-last-child\" data-index=\"1\" ><div\n\t\t\t\n\t\t\tclass=\"so-widget-sow-image so-widget-sow-image-default-8b5b6f678277-1638\"\n\t\t\t\n\t\t>\n<div class=\"sow-image-container\">\n\t\t\t<a href=\"https:\/\/www.amalfi-wanderweg.de\/wp-content\/uploads\/wandern-an-der-amalfik\u00fcste-\u00fcber-uns.jpg\">\n\t\t\t<img loading=\"lazy\" decoding=\"async\" src=\"https:\/\/www.amalfi-wanderweg.de\/wp-content\/uploads\/wandern-an-der-amalfik\u00fcste-\u00fcber-uns.jpg\" width=\"800\" height=\"800\" srcset=\"https:\/\/www.amalfi-wanderweg.de\/wp-content\/uploads\/wandern-an-der-amalfik\u00fcste-\u00fcber-uns.jpg 800w, https:\/\/www.amalfi-wanderweg.de\/wp-content\/uploads\/wandern-an-der-amalfik\u00fcste-\u00fcber-uns-150x150.jpg 150w, https:\/\/www.amalfi-wanderweg.de\/wp-content\/uploads\/wandern-an-der-amalfik\u00fcste-\u00fcber-uns-300x300.jpg 300w\" sizes=\"auto, (max-width: 800px) 100vw, 800px\" alt=\"\" class=\"so-widget-image\">\n\t\t\t<\/a><\/div>\n\n<\/div><\/div><\/div><\/div><\/div>","protected":false},"excerpt":{"rendered":"<p>Wir sind begeisterte Fern-Wanderer und lieben es, im Urlaub f\u00fcr einige Tage nur mit dem Rucksack in der Natur unterwegs zu sein!\u00a0Seit einigen Jahren haben es uns zudem die eher unbekannten, mediterranen Fernwanderwege angetan. Die Kombination von Bergen und Meer\u00a0und die M\u00f6glichkeit, in sch\u00f6nen und meist sehr individuellen Unterk\u00fcnften\u00a0zu \u00fcbernachten, sind f\u00fcr uns immer wieder [&hellip;]<\/p>\n","protected":false},"author":1,"featured_media":0,"parent":0,"menu_order":0,"comment_status":"closed","ping_status":"closed","template":"","meta":{"footnotes":""},"class_list":["post-1638","page","type-page","status-publish","hentry","post"],"_links":{"self":[{"href":"https:\/\/www.amalfi-wanderweg.de\/en\/wp-json\/wp\/v2\/pages\/1638","targetHints":{"allow":["GET"]}}],"collection":[{"href":"https:\/\/www.amalfi-wanderweg.de\/en\/wp-json\/wp\/v2\/pages"}],"about":[{"href":"https:\/\/www.amalfi-wanderweg.de\/en\/wp-json\/wp\/v2\/types\/page"}],"author":[{"embeddable":true,"href":"https:\/\/www.amalfi-wanderweg.de\/en\/wp-json\/wp\/v2\/users\/1"}],"replies":[{"embeddable":true,"href":"https:\/\/www.amalfi-wanderweg.de\/en\/wp-json\/wp\/v2\/comments?post=1638"}],"version-history":[{"count":0,"href":"https:\/\/www.amalfi-wanderweg.de\/en\/wp-json\/wp\/v2\/pages\/1638\/revisions"}],"wp:attachment":[{"href":"https:\/\/www.amalfi-wanderweg.de\/en\/wp-json\/wp\/v2\/media?parent=1638"}],"curies":[{"name":"wp","href":"https:\/\/api.w.org\/{rel}","templated":true}]}}