{"id":10,"date":"2016-06-06T13:05:20","date_gmt":"2016-06-06T13:05:20","guid":{"rendered":"http:\/\/amalfi-wanderweg.de\/?page_id=10"},"modified":"2023-09-10T10:06:05","modified_gmt":"2023-09-10T08:06:05","slug":"home-page","status":"publish","type":"page","link":"https:\/\/www.amalfi-wanderweg.de\/en\/","title":{"rendered":"Homepage"},"content":{"rendered":"<div id=\"pl-10\"  class=\"panel-layout\" ><div id=\"pg-10-0\"  class=\"panel-grid panel-no-style\" ><div id=\"pgc-10-0-0\"  class=\"panel-grid-cell\" ><div id=\"panel-10-0-0-0\" class=\"so-panel widget widget_text panel-first-child panel-last-child\" data-index=\"0\" ><h3 class=\"widget-title\">From Salerno to Sorrento: the whole Amalfi Coast on foot!<\/h3>\t\t\t<div class=\"textwidget\"><p>The Amalfi Coast is one of the most spectacular coastal landscapes in the world and a true hiker's paradise! It is all the more surprising that hiking tourism is currently almost exclusively limited to a short section, the \"Sentiero degli Dei\" (Path of the Gods).<\/p>\n<p>For hikers with an affinity for altitude, there is still a lot to discover off the \"Sentiero degli Dei\": large parts of the Amalfi Coast hiking trail described here are characterised by solitude, nature and tranquillity! Steep paths and stairways with views of the deep blue sea and small villages with extremely picturesque church towers alternate with flat paths through vineyards, olive groves and lemon plantations. True highlights are the views of the surrounding islands and mountains: depending on the stage, either Vesuvius, the Gulf of Naples or the island of Capri can be seen in good weather.<\/p>\n<p>The hiking trail described here leads in six quite strenuous daily stages from Salerno in the east to Sorrento in the west of the Amalfi Coast and runs in large parts along the CAI 300 hiking trail or along its many side trails, which also have CAI numbers in the 300 range. The hiking trails are managed by the Italian Alpine Club \"CAI - Club Alpino Italiano\" and are marked in red and white.<\/p>\n<\/div>\n\t\t<\/div><\/div><div id=\"pgc-10-0-1\"  class=\"panel-grid-cell\" ><div id=\"panel-10-0-1-0\" class=\"so-panel widget widget_sow-image panel-first-child panel-last-child\" data-index=\"1\" ><div\n\t\t\t\n\t\t\tclass=\"so-widget-sow-image so-widget-sow-image-default-dbf295114b96-10\"\n\t\t\t\n\t\t>\n<div class=\"sow-image-container\">\n\t\t\t<a href=\"https:\/\/www.amalfi-wanderweg.de\/wp-content\/uploads\/2016\/06\/Amalfiwanderweg-alta-via-CAI300.jpg\"\n\t\t\t\t\t>\n\t\t\t<img \n\tsrc=\"https:\/\/www.amalfi-wanderweg.de\/wp-content\/uploads\/2016\/06\/Amalfiwanderweg-alta-via-CAI300.jpg\" width=\"1200\" height=\"616\" srcset=\"https:\/\/www.amalfi-wanderweg.de\/wp-content\/uploads\/2016\/06\/Amalfiwanderweg-alta-via-CAI300.jpg 1200w, https:\/\/www.amalfi-wanderweg.de\/wp-content\/uploads\/2016\/06\/Amalfiwanderweg-alta-via-CAI300-300x154.jpg 300w, https:\/\/www.amalfi-wanderweg.de\/wp-content\/uploads\/2016\/06\/Amalfiwanderweg-alta-via-CAI300-768x394.jpg 768w, https:\/\/www.amalfi-wanderweg.de\/wp-content\/uploads\/2016\/06\/Amalfiwanderweg-alta-via-CAI300-1024x526.jpg 1024w\" sizes=\"(max-width: 1200px) 100vw, 1200px\" title=\"The hike runs either directly on the CAI-300 or on parallel hiking trails.\" alt=\"Amalfi Hiking Trail - alta via CAI300\" \t\tclass=\"so-widget-image\"\/>\n\t\t\t<\/a><\/div>\n\n<h3 class=\"widget-title\">The hike runs either directly on the CAI-300 or on parallel hiking trails.<\/h3><\/div><\/div><\/div><\/div><div id=\"pg-10-1\"  class=\"panel-grid panel-no-style\" ><div id=\"pgc-10-1-0\"  class=\"panel-grid-cell\" ><div id=\"panel-10-1-0-0\" class=\"so-panel widget widget_sow-image panel-first-child panel-last-child\" data-index=\"2\" ><div\n\t\t\t\n\t\t\tclass=\"so-widget-sow-image so-widget-sow-image-default-dbf295114b96-10\"\n\t\t\t\n\t\t>\n<div class=\"sow-image-container\">\n\t\t\t<a href=\"https:\/\/www.amalfi-wanderweg.de\/wp-content\/uploads\/Amalfik\u00fcste-Wandern-auf-dem-CAI-300-rot-wei\u00dfe-Markaturen-weise-den-Weg.jpg\"\n\t\t\t\t\t>\n\t\t\t<img loading=\"lazy\" decoding=\"async\" src=\"https:\/\/www.amalfi-wanderweg.de\/wp-content\/uploads\/Amalfik\u00fcste-Wandern-auf-dem-CAI-300-rot-wei\u00dfe-Markaturen-weise-den-Weg.jpg\" width=\"800\" height=\"600\" srcset=\"\" sizes=\"auto, (max-width: 800px) 100vw, 800px\" title=\"Hiking on the CAI 300 - the path is not always as well marked as here!\" alt=\"\" class=\"so-widget-image\" data-srcset=\"\">\n\t\t\t<\/a><\/div>\n\n<h3 class=\"widget-title\">Hiking on the CAI 300 - the path is not always as well marked as here!<\/h3><\/div><\/div><\/div><div id=\"pgc-10-1-1\"  class=\"panel-grid-cell\" ><div id=\"panel-10-1-1-0\" class=\"so-panel widget widget_sow-editor panel-first-child\" data-index=\"3\" ><div\n\t\t\t\n\t\t\tclass=\"so-widget-sow-editor so-widget-sow-editor-base\"\n\t\t\t\n\t\t><h3 class=\"widget-title\">Many metres in altitude, little luggage and \"Dolce Vita\" every evening<\/h3>\n<div class=\"siteorigin-widget-tinymce textwidget\">\n\t<p>We love hiking holidays with lots of altitude, little luggage and beautiful accommodation!<br \/>\nAnd for the latter, too, the Amalfi Coast with its many, partly very lovingly run guesthouses and bed &amp; breakfasts is just ideal! We hiked the route in May 2016 and were thrilled!<\/p>\n<p>After we received so much positive feedback a few years ago on a hiking proposal we had prepared on La Gomera (<a href=\"https:\/\/www.rundwanderung-lagomera.de\" target=\"_blank\" rel=\"noopener\">www.rundwanderung-lagomera.de<\/a>), we have also created a hopefully informative website for this hiking trail along the Amalfi Coast.<\/p>\n<p>Have fun re-hiking!<\/p>\n<p><strong>Frank<\/strong><\/p>\n<\/div>\n<\/div><\/div><div id=\"panel-10-1-1-1\" class=\"so-panel widget widget_sow-image panel-last-child\" data-index=\"4\" ><div\n\t\t\t\n\t\t\tclass=\"so-widget-sow-image so-widget-sow-image-default-9a1bae7b43a8-10\"\n\t\t\t\n\t\t>\n<div class=\"sow-image-container\">\n\t\t<img loading=\"lazy\" decoding=\"async\" src=\"https:\/\/www.amalfi-wanderweg.de\/wp-content\/uploads\/Profil-Frank-2020-150x150.jpg\" width=\"150\" height=\"150\" srcset=\"https:\/\/www.amalfi-wanderweg.de\/wp-content\/uploads\/Profil-Frank-2020-150x150.jpg 150w, https:\/\/www.amalfi-wanderweg.de\/wp-content\/uploads\/Profil-Frank-2020-300x300.jpg 300w, https:\/\/www.amalfi-wanderweg.de\/wp-content\/uploads\/Profil-Frank-2020.jpg 696w\" sizes=\"auto, (max-width: 150px) 100vw, 150px\" alt=\"\" class=\"so-widget-image\">\n\t<\/div>\n\n<h3 class=\"widget-title\"><\/h3><\/div><\/div><\/div><\/div><div id=\"pg-10-2\"  class=\"panel-grid panel-no-style\" ><div id=\"pgc-10-2-0\"  class=\"panel-grid-cell panel-grid-cell-mobile-last\" ><div id=\"panel-10-2-0-0\" class=\"so-panel widget widget_sow-image panel-first-child\" data-index=\"5\" ><div\n\t\t\t\n\t\t\tclass=\"so-widget-sow-image so-widget-sow-image-default-8b5b6f678277-10\"\n\t\t\t\n\t\t>\n<div class=\"sow-image-container\">\n\t\t\t<a href=\"https:\/\/www.amalfi-wanderweg.de\/wp-content\/uploads\/wundersch\u00f6ne-Pflanzenwelt-an-der-Amalfik\u00fcste.jpg\">\n\t\t\t<img loading=\"lazy\" decoding=\"async\" src=\"https:\/\/www.amalfi-wanderweg.de\/wp-content\/uploads\/wundersch\u00f6ne-Pflanzenwelt-an-der-Amalfik\u00fcste.jpg\" width=\"1200\" height=\"392\" srcset=\"https:\/\/www.amalfi-wanderweg.de\/wp-content\/uploads\/wundersch\u00f6ne-Pflanzenwelt-an-der-Amalfik\u00fcste.jpg 1200w, https:\/\/www.amalfi-wanderweg.de\/wp-content\/uploads\/wundersch\u00f6ne-Pflanzenwelt-an-der-Amalfik\u00fcste-150x49.jpg 150w, https:\/\/www.amalfi-wanderweg.de\/wp-content\/uploads\/wundersch\u00f6ne-Pflanzenwelt-an-der-Amalfik\u00fcste-300x98.jpg 300w, https:\/\/www.amalfi-wanderweg.de\/wp-content\/uploads\/wundersch\u00f6ne-Pflanzenwelt-an-der-Amalfik\u00fcste-1024x335.jpg 1024w, https:\/\/www.amalfi-wanderweg.de\/wp-content\/uploads\/wundersch\u00f6ne-Pflanzenwelt-an-der-Amalfik\u00fcste-800x261.jpg 800w, https:\/\/www.amalfi-wanderweg.de\/wp-content\/uploads\/wundersch\u00f6ne-Pflanzenwelt-an-der-Amalfik\u00fcste-600x196.jpg 600w\" sizes=\"auto, (max-width: 1200px) 100vw, 1200px\" title=\"beautiful flora on the Amalfi Coast\" alt=\"\" class=\"so-widget-image\">\n\t\t\t<\/a><\/div>\n\n<h3 class=\"widget-title\">beautiful flora on the Amalfi Coast<\/h3><\/div><\/div><div id=\"panel-10-2-0-1\" class=\"so-panel widget widget_sow-editor panel-last-child\" data-index=\"6\" ><div\n\t\t\t\n\t\t\tclass=\"so-widget-sow-editor so-widget-sow-editor-base\"\n\t\t\t\n\t\t><h3 class=\"widget-title\">The long-distance hiking trail in the press | PDF hiking maps at www.wanderndeluxe.de<\/h3>\n<div class=\"siteorigin-widget-tinymce textwidget\">\n\t<p><strong>News:<\/strong><\/p>\n<p>The Amalfi long-distance hiking trail in the press: <a href=\"https:\/\/www.amalfi-wanderweg.de\/en\/press-reports\/\">amalfi-wanderweg.de\/press-reports\/<\/a><\/p>\n<p><a href=\"https:\/\/www.wanderndeluxe.de\/\" target=\"_blank\" rel=\"noopener\">www.wanderndeluxe.de<\/a>: There you will find more Mediterranean long-distance hikes and a shop for PDF hiking maps to print out yourself and some eBooks (<a href=\"https:\/\/www.wanderndeluxe.de\/shop\/\" target=\"_blank\" rel=\"noopener\">www.wanderndeluxe.de\/shop\/<\/a>).<\/p>\n<p>&nbsp;<\/p>\n<\/div>\n<\/div><\/div><\/div><div id=\"pgc-10-2-1\"  class=\"panel-grid-cell panel-grid-cell-empty\" ><\/div><\/div><\/div>","protected":false},"excerpt":{"rendered":"<p>Die Amalfik\u00fcste geh\u00f6rt zu den spektakul\u00e4rsten K\u00fcstenlandschaften der Welt und ist ein wahres Wanderparadies! Um so \u00fcberraschender ist es, dass sich der Wandertourismus zur Zeit fast ausschlie\u00dflich auf ein kurzes Teilst\u00fcck beschr\u00e4nkt, den &#8222;Sentiero degli Dei&#8220; (Pfad der G\u00f6tter). F\u00fcr H\u00f6henmeter-affine Genu\u00dfwanderer gibt es also abseits des &#8222;Sentiero degli Dei&#8220; noch einiges zu entdecken: gro\u00dfe [&hellip;]<\/p>\n","protected":false},"author":1,"featured_media":0,"parent":0,"menu_order":0,"comment_status":"closed","ping_status":"closed","template":"home-panels.php","meta":{"footnotes":""},"class_list":["post-10","page","type-page","status-publish","hentry","post"],"_links":{"self":[{"href":"https:\/\/www.amalfi-wanderweg.de\/en\/wp-json\/wp\/v2\/pages\/10","targetHints":{"allow":["GET"]}}],"collection":[{"href":"https:\/\/www.amalfi-wanderweg.de\/en\/wp-json\/wp\/v2\/pages"}],"about":[{"href":"https:\/\/www.amalfi-wanderweg.de\/en\/wp-json\/wp\/v2\/types\/page"}],"author":[{"embeddable":true,"href":"https:\/\/www.amalfi-wanderweg.de\/en\/wp-json\/wp\/v2\/users\/1"}],"replies":[{"embeddable":true,"href":"https:\/\/www.amalfi-wanderweg.de\/en\/wp-json\/wp\/v2\/comments?post=10"}],"version-history":[{"count":17,"href":"https:\/\/www.amalfi-wanderweg.de\/en\/wp-json\/wp\/v2\/pages\/10\/revisions"}],"predecessor-version":[{"id":63791,"href":"https:\/\/www.amalfi-wanderweg.de\/en\/wp-json\/wp\/v2\/pages\/10\/revisions\/63791"}],"wp:attachment":[{"href":"https:\/\/www.amalfi-wanderweg.de\/en\/wp-json\/wp\/v2\/media?parent=10"}],"curies":[{"name":"wp","href":"https:\/\/api.w.org\/{rel}","templated":true}]}}